{"id":22996,"date":"2025-06-11T16:48:37","date_gmt":"2025-06-11T14:48:37","guid":{"rendered":"https:\/\/www.huntattract.com\/products\/fox-attractant-500-baits\/"},"modified":"2026-02-28T15:41:35","modified_gmt":"2026-02-28T14:41:35","slug":"fox-attractant-500-baits","status":"publish","type":"product","link":"https:\/\/www.huntattract.com\/pl\/products\/fox-attractant-500-baits\/","title":{"rendered":"Przyn\u0119ty my\u015bliwskie na lisy (opakowanie 500 sztuk)"},"content":{"rendered":"<p><strong><img decoding=\"async\" style=\"margin-right: 12px;\" src=\"https:\/\/www.huntattract.com\/wp-content\/uploads\/2026\/02\/Check.svg\" alt=\"\" width=\"18\" height=\"15\" \/>Wyj\u0105tkowa skuteczno\u015b\u0107 w szybkim i konsekwentnym wabieniu lis\u00f3w.<\/strong> Nasz atraktant na lisy zosta\u0142 specjalnie opracowany, aby stymulowa\u0107 instynkty \u0142owieckie, terytorialne i ciekawo\u015b\u0107 lis\u00f3w, co czyni go najskuteczniejszym rozwi\u0105zaniem dost\u0119pnym dla powa\u017cnych my\u015bliwych. Opracowana w wyniku szeroko zakrojonych test\u00f3w terenowych w lasach, na polach uprawnych, w \u017cywop\u0142otach i na otwartym terenie, kompozycja zapachowa zosta\u0142a zaprojektowana tak, aby wywo\u0142ywa\u0107 zachowania badawcze i zach\u0119ca\u0107 do wielokrotnych wizyt, nawet w przypadku ostro\u017cnych i do\u015bwiadczonych zwierz\u0105t.<\/p>\n<p><strong><img decoding=\"async\" style=\"margin-right: 12px;\" src=\"https:\/\/www.huntattract.com\/wp-content\/uploads\/2026\/02\/Check.svg\" alt=\"\" width=\"18\" height=\"15\" \/>Najta\u0144szy wabik na lisy na rynku bez uszczerbku dla jako\u015bci.<\/strong> Z dum\u0105 oferujemy najni\u017csz\u0105 cen\u0119 przy zachowaniu najwy\u017cszych standard\u00f3w formulacji. Dzi\u0119ki 500 gotowym do u\u017cycia przyn\u0119tom zawartym w ka\u017cdym opakowaniu, korzystasz z profesjonalnej wydajno\u015bci w bezkonkurencyjnej cenie, co pozwala na pokrycie du\u017cych obszar\u00f3w bez przekraczania bud\u017cetu na polowanie.<\/p>\n<p><strong><img decoding=\"async\" style=\"margin-right: 12px;\" src=\"https:\/\/www.huntattract.com\/wp-content\/uploads\/2026\/02\/Check.svg\" alt=\"\" width=\"18\" height=\"15\" \/>Gwarancja zwrotu pieni\u0119dzy dla pe\u0142nego zaufania.<\/strong> W pe\u0142ni popieramy nasz produkt. Je\u015bli nie b\u0119dziesz zadowolony z dzia\u0142ania naszego wabika na lisy, zwr\u00f3cimy Ci pieni\u0105dze. Nasza gwarancja zwrotu pieni\u0119dzy zapewnia, \u017ce mo\u017cesz przetestowa\u0107 produkt bez ryzyka finansowego i z ca\u0142kowitym spokojem ducha.<\/p>\n<p><strong><img decoding=\"async\" style=\"margin-right: 12px;\" src=\"https:\/\/www.huntattract.com\/wp-content\/uploads\/2026\/02\/Check.svg\" alt=\"\" width=\"18\" height=\"15\" \/>24-godzinna dostawa zapewniaj\u0105ca gotowo\u015b\u0107 do dzia\u0142ania.<\/strong> Wzorce przemieszczania si\u0119 lis\u00f3w mog\u0105 si\u0119 szybko zmienia\u0107 w zale\u017cno\u015bci od pory roku i dost\u0119pno\u015bci po\u017cywienia. Dlatego zawsze oferujemy 24-godzinn\u0105 dostaw\u0119, zapewniaj\u0105c, \u017ce 500 przyn\u0119t dotrze szybko, aby\u015b m\u00f3g\u0142 bezzw\u0142ocznie przygotowa\u0107 miejsca polowania.<\/p>\n<p><strong><img decoding=\"async\" style=\"margin-right: 12px;\" src=\"https:\/\/www.huntattract.com\/wp-content\/uploads\/2026\/02\/Check.svg\" alt=\"\" width=\"18\" height=\"15\" \/>Szeroki zasi\u0119g dzi\u0119ki 500 wysokowydajnym przyn\u0119tom.<\/strong> Ka\u017cde opakowanie zawiera 500 pojedynczych przyn\u0119t, co pozwala na ustanowienie wielu punkt\u00f3w wabienia na terytoriach, podej\u015bciach do nor, kraw\u0119dziach p\u00f3l i korytarzach transportowych. Ta du\u017ca ilo\u015b\u0107 zapewnia elastyczno\u015b\u0107 i strategiczn\u0105 kontrol\u0119 przez ca\u0142y sezon \u0142owiecki.<\/p>\n<p><strong><img decoding=\"async\" style=\"margin-right: 12px;\" src=\"https:\/\/www.huntattract.com\/wp-content\/uploads\/2026\/02\/Check.svg\" alt=\"\" width=\"18\" height=\"15\" \/>Zaprojektowany specjalnie do polowa\u0144 na lisy.<\/strong> W przeciwie\u0144stwie do og\u00f3lnych zapach\u00f3w dla dzikich zwierz\u0105t, ten atraktant zosta\u0142 opracowany wy\u0142\u0105cznie z my\u015bl\u0105 o zachowaniu lis\u00f3w. Profil zapachowy odzwierciedla naturalne sygna\u0142y ofiary i znaczniki terytorialne, dzi\u0119ki czemu jest szczeg\u00f3lnie skuteczny w przyci\u0105ganiu lis\u00f3w w zasi\u0119g bada\u0144.<\/p>\n<p><strong><img decoding=\"async\" style=\"margin-right: 12px;\" src=\"https:\/\/www.huntattract.com\/wp-content\/uploads\/2026\/02\/Check.svg\" alt=\"\" width=\"18\" height=\"15\" \/>D\u0142ugotrwa\u0142e uwalnianie zapachu zapewnia d\u0142ugotrwa\u0142e przyci\u0105ganie.<\/strong> Ka\u017cda przyn\u0119ta jest wyposa\u017cona w formu\u0142\u0119 o kontrolowanym uwalnianiu, kt\u00f3ra stopniowo rozprasza zapach przez kilka dni. Zapewnia to sp\u00f3jn\u0105 i stabiln\u0105 stref\u0119 wabienia bez konieczno\u015bci ci\u0105g\u0142ego ponownego stosowania.<\/p>\n<p><strong><img decoding=\"async\" style=\"margin-right: 12px;\" src=\"https:\/\/www.huntattract.com\/wp-content\/uploads\/2026\/02\/Check.svg\" alt=\"\" width=\"18\" height=\"15\" \/>Niezawodna wydajno\u015b\u0107 w r\u00f3\u017cnych \u015brodowiskach.<\/strong> Niezale\u017cnie od tego, czy jest stosowany w lasach, na gruntach rolnych, otwartych r\u00f3wninach czy w pobli\u017cu struktur rolniczych, formu\u0142a zachowuje swoj\u0105 moc. Jest odporna na umiarkowane opady deszczu, wiatr i wahania temperatury, zapewniaj\u0105c niezawodne rezultaty.<\/p>\n<p><strong><img decoding=\"async\" style=\"margin-right: 12px;\" src=\"https:\/\/www.huntattract.com\/wp-content\/uploads\/2026\/02\/Check.svg\" alt=\"\" width=\"18\" height=\"15\" \/>\u0141atwe i dyskretne umieszczanie w terenie.<\/strong> Kompaktowa konstrukcja wabika pozwala na \u0142atwe ustawienie wzd\u0142u\u017c szlak\u00f3w, w pobli\u017cu nor, obok \u017cywop\u0142ot\u00f3w lub na ustalonych przej\u015bciach. Jej praktyczny format umo\u017cliwia wydajn\u0105 konfiguracj\u0119 bez zak\u0142\u00f3cania naturalnego \u015brodowiska.<\/p>\n<p><strong><img decoding=\"async\" style=\"margin-right: 12px;\" src=\"https:\/\/www.huntattract.com\/wp-content\/uploads\/2026\/02\/Check.svg\" alt=\"\" width=\"18\" height=\"15\" \/>Profesjonalna formu\u0142a opracowana przez do\u015bwiadczonych my\u015bliwych.<\/strong> Nasz \u015brodek wabi\u0105cy lisy jest wynikiem rzeczywistych test\u00f3w i opinii ekspert\u00f3w, zapewniaj\u0105c, \u017ce si\u0142a zapachu, szybko\u015b\u0107 rozprzestrzeniania si\u0119 i reakcja behawioralna s\u0105 zgodne z praktycznymi strategiami \u0142owieckimi w celu uzyskania optymalnych wynik\u00f3w.<\/p>\n<h2><strong>Instrukcje<\/strong><\/h2>\n<ul>\n<li>Zidentyfikuj aktywne strefy lisa, takie jak szlaki, wej\u015bcia do nor, kraw\u0119dzie p\u00f3l, linie ogrodze\u0144 i znane przej\u015bcia.<\/li>\n<li>Umie\u015b\u0107 jedn\u0105 przyn\u0119t\u0119 co oko\u0142o 5 do 12 metr\u00f3w wzd\u0142u\u017c szlak\u00f3w komunikacyjnych, aby stworzy\u0107 sp\u00f3jny korytarz zapachowy.<\/li>\n<li>W przypadku strategicznych pozycji \u0142owieckich, takich jak w pobli\u017cu \u017caluzji lub stanowisk, umie\u015b\u0107 dwie lub trzy przyn\u0119ty w docelowym obszarze, aby zintensyfikowa\u0107 koncentracj\u0119 zapachu.<\/li>\n<li>Ka\u017cda przyn\u0119ta jest gotowa do u\u017cycia i nie nale\u017cy jej otwiera\u0107 ani modyfikowa\u0107. Obudowa zosta\u0142a zaprojektowana tak, aby regulowa\u0107 stopniowe rozprzestrzenianie si\u0119 zapachu.<\/li>\n<li>Zalecane dawkowanie to jedna przyn\u0119ta na okre\u015blony punkt aktywno\u015bci, zwi\u0119kszaj\u0105c g\u0119sto\u015b\u0107 w obszarach o du\u017cym nat\u0119\u017ceniu ruchu lub wi\u0119kszych terytoriach.<\/li>\n<li>W wilgotnym \u015brodowisku nale\u017cy umie\u015bci\u0107 przyn\u0119t\u0119 nieco wy\u017cej lub na stabilnym pod\u0142o\u017cu, aby zapobiec zmniejszeniu skuteczno\u015bci zapachu przez nadmiern\u0105 wilgo\u0107.<\/li>\n<li>Wymieniaj przyn\u0119ty co 5 do 7 dni, aby uzyska\u0107 optymaln\u0105 skuteczno\u015b\u0107, lub wcze\u015bniej, je\u015bli ulewny deszcz znacznie os\u0142abi intensywno\u015b\u0107 zapachu.<\/li>\n<li>Podczas pracy z przyn\u0119t\u0105 nale\u017cy zawsze nosi\u0107 r\u0119kawiczki, aby unikn\u0105\u0107 przeniesienia ludzkiego zapachu na przyn\u0119t\u0119 lub otaczaj\u0105ce j\u0105 powierzchnie.<\/li>\n<li>Niewykorzystane przyn\u0119ty nale\u017cy przechowywa\u0107 w szczelnie zamkni\u0119tym pojemniku w ch\u0142odnym, suchym miejscu z dala od \u015bwiat\u0142a s\u0142onecznego, aby zachowa\u0107 ich skuteczno\u015b\u0107.<\/li>\n<li>U\u017cywaj tylko zgodnie z lokalnymi przepisami dotycz\u0105cymi polowa\u0144, przepisami sezonowymi i wymogami zarz\u0105dzania dzik\u0105 zwierzyn\u0105 w danym regionie.<\/li>\n<\/ul>","protected":false},"excerpt":{"rendered":"<p>Exceptional effectiveness in attracting foxes quickly and consistently. Our fox attractant has been specifically formulated to stimulate the hunting, territorial, and curiosity instincts of foxes, making it the most effective solution available for serious hunters. Developed through extensive field trials in forests, farmlands, hedgerows, and open countryside, the scent composition is designed to trigger investigative [&hellip;]<\/p>\n","protected":false},"featured_media":23012,"comment_status":"open","ping_status":"closed","template":"","meta":{"_uag_custom_page_level_css":"","site-sidebar-layout":"default","site-content-layout":"","ast-site-content-layout":"default","site-content-style":"default","site-sidebar-style":"default","ast-global-header-display":"","ast-banner-title-visibility":"","ast-main-header-display":"","ast-hfb-above-header-display":"","ast-hfb-below-header-display":"","ast-hfb-mobile-header-display":"","site-post-title":"","ast-breadcrumbs-content":"","ast-featured-img":"","footer-sml-layout":"","ast-disable-related-posts":"","theme-transparent-header-meta":"default","adv-header-id-meta":"","stick-header-meta":"","header-above-stick-meta":"","header-main-stick-meta":"","header-below-stick-meta":"","astra-migrate-meta-layouts":"set","ast-page-background-enabled":"default","ast-page-background-meta":{"desktop":{"background-color":"var(--ast-global-color-4)","background-image":"","background-repeat":"repeat","background-position":"center center","background-size":"auto","background-attachment":"scroll","background-type":"","background-media":"","overlay-type":"","overlay-color":"","overlay-opacity":"","overlay-gradient":""},"tablet":{"background-color":"","background-image":"","background-repeat":"repeat","background-position":"center center","background-size":"auto","background-attachment":"scroll","background-type":"","background-media":"","overlay-type":"","overlay-color":"","overlay-opacity":"","overlay-gradient":""},"mobile":{"background-color":"","background-image":"","background-repeat":"repeat","background-position":"center center","background-size":"auto","background-attachment":"scroll","background-type":"","background-media":"","overlay-type":"","overlay-color":"","overlay-opacity":"","overlay-gradient":""}},"ast-content-background-meta":{"desktop":{"background-color":"var(--ast-global-color-5)","background-image":"","background-repeat":"repeat","background-position":"center center","background-size":"auto","background-attachment":"scroll","background-type":"","background-media":"","overlay-type":"","overlay-color":"","overlay-opacity":"","overlay-gradient":""},"tablet":{"background-color":"var(--ast-global-color-5)","background-image":"","background-repeat":"repeat","background-position":"center center","background-size":"auto","background-attachment":"scroll","background-type":"","background-media":"","overlay-type":"","overlay-color":"","overlay-opacity":"","overlay-gradient":""},"mobile":{"background-color":"var(--ast-global-color-5)","background-image":"","background-repeat":"repeat","background-position":"center center","background-size":"auto","background-attachment":"scroll","background-type":"","background-media":"","overlay-type":"","overlay-color":"","overlay-opacity":"","overlay-gradient":""}}},"product_brand":[],"product_cat":[15],"product_tag":[],"class_list":{"0":"post-22996","1":"product","2":"type-product","3":"status-publish","4":"has-post-thumbnail","6":"product_cat-shop","7":"desktop-align-left","8":"tablet-align-left","9":"mobile-align-left","11":"first","12":"instock","13":"taxable","14":"shipping-taxable","15":"purchasable","16":"product-type-simple"},"spectra_custom_meta":{"_visibility":["visible"],"_shopify_product_id":["8186593509624"],"_s2w_shopify_domain":["boarattract.myshopify.com"],"_shopify_variant_id":["44151441391864"],"_sku":["HAFOXBAITS"],"_regular_price":["29.90"],"_price":["29.90"],"_sale_price":[""],"_weight":["0.2"],"_thumbnail_id":["23012"],"_global_unique_id":["5056773800564"],"total_sales":["155"],"_tax_status":["taxable"],"_tax_class":[""],"_manage_stock":["no"],"_backorders":["no"],"_sold_individually":["no"],"_virtual":["no"],"_downloadable":["no"],"_download_limit":["-1"],"_download_expiry":["-1"],"_stock":[null],"_stock_status":["instock"],"_wc_average_rating":["4.98"],"_wc_review_count":["51"],"_product_version":["10.5.2"],"_wc_rating_count":["a:2:{i:4;i:1;i:5;i:50;}"],"_edit_lock":["1772289645:1"],"merchant-center-availability":["yes"],"merchant-center-category":["8011"],"merchant-center-id":["HAFB"],"_edit_last":["1"],"_wp_page_template":["default"],"site-sidebar-layout":["default"],"ast-site-content-layout":["default"],"site-content-style":["default"],"site-sidebar-style":["default"],"theme-transparent-header-meta":["default"],"astra-migrate-meta-layouts":["set"],"_uag_css_file_name":["uag-css-22996.css"],"_elementor_page_assets":["a:0:{}"],"_uag_page_assets":["a:9:{s:3:\"css\";s:7133:\".uag-blocks-common-selector{z-index:var(--z-index-desktop) !important}@media(max-width: 976px){.uag-blocks-common-selector{z-index:var(--z-index-tablet) !important}}@media(max-width: 767px){.uag-blocks-common-selector{z-index:var(--z-index-mobile) !important}}.wp-block-uagb-image{display:flex}.wp-block-uagb-image__figure{position:relative;display:flex;flex-direction:column;max-width:100%;height:auto;margin:0}.wp-block-uagb-image__figure img{height:auto;display:flex;max-width:100%;transition:box-shadow .2s ease}.wp-block-uagb-image__figure>a{display:inline-block}.wp-block-uagb-image__figure figcaption{text-align:center;margin-top:.5em;margin-bottom:1em}.wp-block-uagb-image .components-placeholder.block-editor-media-placeholder .components-placeholder__instructions{align-self:center}.wp-block-uagb-image--align-left{text-align:left}.wp-block-uagb-image--align-right{text-align:right}.wp-block-uagb-image--align-center{text-align:center}.wp-block-uagb-image--align-full .wp-block-uagb-image__figure{margin-left:calc(50% - 50vw);margin-right:calc(50% - 50vw);max-width:100vw;width:100vw;height:auto}.wp-block-uagb-image--align-full .wp-block-uagb-image__figure img{height:auto;width:100% !important}.wp-block-uagb-image--align-wide .wp-block-uagb-image__figure img{height:auto;width:100%}.wp-block-uagb-image--layout-overlay__color-wrapper{position:absolute;left:0;top:0;right:0;bottom:0;opacity:.2;background:rgba(0,0,0,.5);transition:opacity .35s ease-in-out}.wp-block-uagb-image--layout-overlay-link{position:absolute;left:0;right:0;bottom:0;top:0}.wp-block-uagb-image--layout-overlay .wp-block-uagb-image__figure:hover .wp-block-uagb-image--layout-overlay__color-wrapper{opacity:1}.wp-block-uagb-image--layout-overlay__inner{position:absolute;left:15px;right:15px;bottom:15px;top:15px;display:flex;align-items:center;justify-content:center;flex-direction:column;border-color:#fff;transition:.35s ease-in-out}.wp-block-uagb-image--layout-overlay__inner.top-left,.wp-block-uagb-image--layout-overlay__inner.top-center,.wp-block-uagb-image--layout-overlay__inner.top-right{justify-content:flex-start}.wp-block-uagb-image--layout-overlay__inner.bottom-left,.wp-block-uagb-image--layout-overlay__inner.bottom-center,.wp-block-uagb-image--layout-overlay__inner.bottom-right{justify-content:flex-end}.wp-block-uagb-image--layout-overlay__inner.top-left,.wp-block-uagb-image--layout-overlay__inner.center-left,.wp-block-uagb-image--layout-overlay__inner.bottom-left{align-items:flex-start}.wp-block-uagb-image--layout-overlay__inner.top-right,.wp-block-uagb-image--layout-overlay__inner.center-right,.wp-block-uagb-image--layout-overlay__inner.bottom-right{align-items:flex-end}.wp-block-uagb-image--layout-overlay__inner .uagb-image-heading{color:#fff;transition:transform .35s,opacity .35s ease-in-out;transform:translate3d(0, 24px, 0);margin:0;line-height:1em}.wp-block-uagb-image--layout-overlay__inner .uagb-image-separator{width:30%;border-top-width:2px;border-top-color:#fff;border-top-style:solid;margin-bottom:10px;opacity:0;transition:transform .4s,opacity .4s ease-in-out;transform:translate3d(0, 30px, 0)}.wp-block-uagb-image--layout-overlay__inner .uagb-image-caption{opacity:0;overflow:visible;color:#fff;transition:transform .45s,opacity .45s ease-in-out;transform:translate3d(0, 35px, 0)}.wp-block-uagb-image--layout-overlay__inner:hover .uagb-image-heading,.wp-block-uagb-image--layout-overlay__inner:hover .uagb-image-separator,.wp-block-uagb-image--layout-overlay__inner:hover .uagb-image-caption{opacity:1;transform:translate3d(0, 0, 0)}.wp-block-uagb-image--effect-zoomin .wp-block-uagb-image__figure img,.wp-block-uagb-image--effect-zoomin .wp-block-uagb-image__figure .wp-block-uagb-image--layout-overlay__color-wrapper{transform:scale(1);transition:transform .35s ease-in-out}.wp-block-uagb-image--effect-zoomin .wp-block-uagb-image__figure:hover img,.wp-block-uagb-image--effect-zoomin .wp-block-uagb-image__figure:hover .wp-block-uagb-image--layout-overlay__color-wrapper{transform:scale(1.05)}.wp-block-uagb-image--effect-slide .wp-block-uagb-image__figure img,.wp-block-uagb-image--effect-slide .wp-block-uagb-image__figure .wp-block-uagb-image--layout-overlay__color-wrapper{width:calc(100% + 40px) !important;max-width:none !important;transform:translate3d(-40px, 0, 0);transition:transform .35s ease-in-out}.wp-block-uagb-image--effect-slide .wp-block-uagb-image__figure:hover img,.wp-block-uagb-image--effect-slide .wp-block-uagb-image__figure:hover .wp-block-uagb-image--layout-overlay__color-wrapper{transform:translate3d(0, 0, 0)}.wp-block-uagb-image--effect-grayscale img{filter:grayscale(0%);transition:.35s ease-in-out}.wp-block-uagb-image--effect-grayscale:hover img{filter:grayscale(100%)}.wp-block-uagb-image--effect-blur img{filter:blur(0);transition:.35s ease-in-out}.wp-block-uagb-image--effect-blur:hover img{filter:blur(3px)}.uagb-block-e6f939b3.wp-block-uagb-image--layout-default figure img{box-shadow: 0px 0px 0 #00000070;}.uagb-block-e6f939b3.wp-block-uagb-image .wp-block-uagb-image__figure figcaption{font-style: normal;align-self: center;}.uagb-block-e6f939b3.wp-block-uagb-image--layout-overlay figure img{box-shadow: 0px 0px 0 #00000070;}.uagb-block-e6f939b3.wp-block-uagb-image--layout-overlay .wp-block-uagb-image--layout-overlay__color-wrapper{opacity: 0.2;}.uagb-block-e6f939b3.wp-block-uagb-image--layout-overlay .wp-block-uagb-image--layout-overlay__inner{left: 15px;right: 15px;top: 15px;bottom: 15px;}.uagb-block-e6f939b3.wp-block-uagb-image--layout-overlay .wp-block-uagb-image--layout-overlay__inner .uagb-image-heading{font-style: normal;color: #fff;opacity: 1;}.uagb-block-e6f939b3.wp-block-uagb-image--layout-overlay .wp-block-uagb-image--layout-overlay__inner .uagb-image-heading a{color: #fff;}.uagb-block-e6f939b3.wp-block-uagb-image--layout-overlay .wp-block-uagb-image--layout-overlay__inner .uagb-image-caption{opacity: 0;}.uagb-block-e6f939b3.wp-block-uagb-image--layout-overlay .wp-block-uagb-image__figure:hover .wp-block-uagb-image--layout-overlay__color-wrapper{opacity: 1;}.uagb-block-e6f939b3.wp-block-uagb-image .wp-block-uagb-image--layout-overlay__inner .uagb-image-separator{width: 30%;border-top-width: 2px;border-top-color: #fff;opacity: 0;}.uagb-block-e6f939b3.wp-block-uagb-image .wp-block-uagb-image__figure img{width: px;height: auto;}.uagb-block-e6f939b3.wp-block-uagb-image .wp-block-uagb-image__figure:hover .wp-block-uagb-image--layout-overlay__inner .uagb-image-caption{opacity: 1;}.uagb-block-e6f939b3.wp-block-uagb-image .wp-block-uagb-image__figure:hover .wp-block-uagb-image--layout-overlay__inner .uagb-image-separator{opacity: 1;}.uagb-block-e6f939b3.wp-block-uagb-image--layout-default figure:hover img{box-shadow: 0px 0px 0 #00000070;}.uagb-block-e6f939b3.wp-block-uagb-image--layout-overlay figure:hover img{box-shadow: 0px 0px 0 #00000070;}@media only screen and (max-width: 976px) {.uagb-block-e6f939b3.wp-block-uagb-image .wp-block-uagb-image__figure img{width: px;height: auto;}}@media only screen and (max-width: 767px) {.uagb-block-e6f939b3.wp-block-uagb-image .wp-block-uagb-image__figure img{width: px;height: auto;}}\";s:2:\"js\";s:0:\"\";s:18:\"current_block_list\";a:13:{i:0;s:11:\"core\/search\";i:1;s:10:\"core\/group\";i:2;s:12:\"core\/heading\";i:3;s:17:\"core\/latest-posts\";i:4;s:20:\"core\/latest-comments\";i:5;s:13:\"core\/archives\";i:6;s:15:\"core\/categories\";i:7;s:14:\"core\/paragraph\";i:8;s:10:\"uagb\/image\";i:9;s:11:\"core\/spacer\";i:10;s:30:\"woocommerce\/product-categories\";i:11;s:10:\"core\/image\";i:12;s:14:\"core\/shortcode\";}s:8:\"uag_flag\";b:1;s:11:\"uag_version\";s:10:\"1777843996\";s:6:\"gfonts\";a:0:{}s:10:\"gfonts_url\";s:0:\"\";s:12:\"gfonts_files\";a:0:{}s:14:\"uag_faq_layout\";b:0;}"]},"uagb_featured_image_src":{"full":["https:\/\/www.huntattract.com\/wp-content\/uploads\/2025\/06\/FOX_HuntAttract_sur_1000.png",1000,1000,false],"thumbnail":["https:\/\/www.huntattract.com\/wp-content\/uploads\/2025\/06\/FOX_HuntAttract_sur_1000-150x150.png",150,150,true],"medium":["https:\/\/www.huntattract.com\/wp-content\/uploads\/2025\/06\/FOX_HuntAttract_sur_1000-300x300.png",300,300,true],"medium_large":["https:\/\/www.huntattract.com\/wp-content\/uploads\/2025\/06\/FOX_HuntAttract_sur_1000-768x768.png",768,768,true],"large":["https:\/\/www.huntattract.com\/wp-content\/uploads\/2025\/06\/FOX_HuntAttract_sur_1000.png",1000,1000,false],"1536x1536":["https:\/\/www.huntattract.com\/wp-content\/uploads\/2025\/06\/FOX_HuntAttract_sur_1000.png",1000,1000,false],"2048x2048":["https:\/\/www.huntattract.com\/wp-content\/uploads\/2025\/06\/FOX_HuntAttract_sur_1000.png",1000,1000,false],"trp-custom-language-flag":["https:\/\/www.huntattract.com\/wp-content\/uploads\/2025\/06\/FOX_HuntAttract_sur_1000-12x12.png",12,12,true],"woocommerce_thumbnail":["https:\/\/www.huntattract.com\/wp-content\/uploads\/2025\/06\/FOX_HuntAttract_sur_1000-300x300.png",300,300,true],"woocommerce_single":["https:\/\/www.huntattract.com\/wp-content\/uploads\/2025\/06\/FOX_HuntAttract_sur_1000-600x600.png",600,600,true],"woocommerce_gallery_thumbnail":["https:\/\/www.huntattract.com\/wp-content\/uploads\/2025\/06\/FOX_HuntAttract_sur_1000-100x100.png",100,100,true]},"uagb_author_info":{"display_name":"admin","author_link":"https:\/\/www.huntattract.com\/pl\/author\/"},"uagb_comment_info":51,"uagb_excerpt":"Exceptional effectiveness in attracting foxes quickly and consistently. Our fox attractant has been specifically formulated to stimulate the hunting, territorial, and curiosity instincts of foxes, making it the most effective solution available for serious hunters. Developed through extensive field trials in forests, farmlands, hedgerows, and open countryside, the scent composition is designed to trigger investigative&hellip;","_links":{"self":[{"href":"https:\/\/www.huntattract.com\/pl\/wp-json\/wp\/v2\/product\/22996","targetHints":{"allow":["GET"]}}],"collection":[{"href":"https:\/\/www.huntattract.com\/pl\/wp-json\/wp\/v2\/product"}],"about":[{"href":"https:\/\/www.huntattract.com\/pl\/wp-json\/wp\/v2\/types\/product"}],"replies":[{"embeddable":true,"href":"https:\/\/www.huntattract.com\/pl\/wp-json\/wp\/v2\/comments?post=22996"}],"version-history":[{"count":5,"href":"https:\/\/www.huntattract.com\/pl\/wp-json\/wp\/v2\/product\/22996\/revisions"}],"predecessor-version":[{"id":24081,"href":"https:\/\/www.huntattract.com\/pl\/wp-json\/wp\/v2\/product\/22996\/revisions\/24081"}],"wp:featuredmedia":[{"embeddable":true,"href":"https:\/\/www.huntattract.com\/pl\/wp-json\/wp\/v2\/media\/23012"}],"wp:attachment":[{"href":"https:\/\/www.huntattract.com\/pl\/wp-json\/wp\/v2\/media?parent=22996"}],"wp:term":[{"taxonomy":"product_brand","embeddable":true,"href":"https:\/\/www.huntattract.com\/pl\/wp-json\/wp\/v2\/product_brand?post=22996"},{"taxonomy":"product_cat","embeddable":true,"href":"https:\/\/www.huntattract.com\/pl\/wp-json\/wp\/v2\/product_cat?post=22996"},{"taxonomy":"product_tag","embeddable":true,"href":"https:\/\/www.huntattract.com\/pl\/wp-json\/wp\/v2\/product_tag?post=22996"}],"curies":[{"name":"wp","href":"https:\/\/api.w.org\/{rel}","templated":true}]}}