{"id":22993,"date":"2025-06-11T16:48:35","date_gmt":"2025-06-11T14:48:35","guid":{"rendered":"https:\/\/www.huntattract.com\/products\/crow-attractant-500-baits\/"},"modified":"2026-02-28T15:41:19","modified_gmt":"2026-02-28T14:41:19","slug":"crow-attractant-500-baits","status":"publish","type":"product","link":"https:\/\/www.huntattract.com\/pl\/products\/crow-attractant-500-baits\/","title":{"rendered":"Przyn\u0119ty my\u015bliwskie na wrony (opakowanie 500 szt.)"},"content":{"rendered":"<p><strong><img decoding=\"async\" style=\"margin-right: 12px;\" src=\"https:\/\/www.huntattract.com\/wp-content\/uploads\/2026\/02\/Check.svg\" alt=\"\" width=\"18\" height=\"15\" \/>Doskona\u0142a skuteczno\u015b\u0107 w szybkim i konsekwentnym wabieniu wron.<\/strong> Nasz atraktant na wrony zosta\u0142 starannie opracowany, aby stymulowa\u0107 naturalne instynkty \u017cerowania i ciekawo\u015bci wron, dzi\u0119ki czemu jest najskuteczniejszym dost\u0119pnym rozwi\u0105zaniem do cel\u00f3w \u0142owieckich. Profil zapachowy zosta\u0142 przetestowany w terenie na polach uprawnych, otwartych r\u00f3wninach i obrze\u017cach las\u00f3w, aby zapewni\u0107 szybkie wykrywanie i powtarzaj\u0105ce si\u0119 wizyty, nawet w obszarach o du\u017cym rozproszeniu \u015brodowiska.<\/p>\n<p><strong><img decoding=\"async\" style=\"margin-right: 12px;\" src=\"https:\/\/www.huntattract.com\/wp-content\/uploads\/2026\/02\/Check.svg\" alt=\"\" width=\"18\" height=\"15\" \/>Najta\u0144szy wabik na wrony na rynku o najwy\u017cszej wydajno\u015bci.<\/strong> Naszym celem jest oferowanie najni\u017cszych cen bez uszczerbku dla jako\u015bci. Dzi\u0119ki 500 gotowym do u\u017cycia przyn\u0119tom zawartym w ka\u017cdym opakowaniu, korzystasz z profesjonalnej wydajno\u015bci za przyst\u0119pn\u0105 cen\u0119, co pozwala zmaksymalizowa\u0107 strategi\u0119 \u0142owieck\u0105 przy jednoczesnym zachowaniu bud\u017cetu.<\/p>\n<p><strong><img decoding=\"async\" style=\"margin-right: 12px;\" src=\"https:\/\/www.huntattract.com\/wp-content\/uploads\/2026\/02\/Check.svg\" alt=\"\" width=\"18\" height=\"15\" \/>Gwarancja zwrotu pieni\u0119dzy dla zakup\u00f3w bez ryzyka.<\/strong> Twoja satysfakcja jest naszym priorytetem. Je\u015bli nie b\u0119dziesz w pe\u0142ni usatysfakcjonowany wynikami stosowania naszego atraktantu na wrony, zwr\u00f3cimy Ci pieni\u0105dze. Nasza gwarancja zwrotu pieni\u0119dzy zapewnia, \u017ce mo\u017cesz wypr\u00f3bowa\u0107 produkt z pe\u0142nym zaufaniem i bez ryzyka finansowego.<\/p>\n<p><strong><img decoding=\"async\" style=\"margin-right: 12px;\" src=\"https:\/\/www.huntattract.com\/wp-content\/uploads\/2026\/02\/Check.svg\" alt=\"\" width=\"18\" height=\"15\" \/>Dostawa w ci\u0105gu 24 godzin dla natychmiastowej gotowo\u015bci.<\/strong> Zawsze oferujemy 24-godzinn\u0105 dostaw\u0119, dzi\u0119ki czemu mo\u017cesz bezzw\u0142ocznie przygotowa\u0107 si\u0119 do polowania. Niezale\u017cnie od tego, czy planujesz z wyprzedzeniem, czy reagujesz na nag\u0142\u0105 aktywno\u015b\u0107 wron, nasza szybka wysy\u0142ka zapewnia, \u017ce zawsze jeste\u015b wyposa\u017cony i gotowy.<\/p>\n<p><strong><img decoding=\"async\" style=\"margin-right: 12px;\" src=\"https:\/\/www.huntattract.com\/wp-content\/uploads\/2026\/02\/Check.svg\" alt=\"\" width=\"18\" height=\"15\" \/>Szeroki zasi\u0119g dzi\u0119ki 500 wysokowydajnym przyn\u0119tom.<\/strong> Ka\u017cde opakowanie zawiera 500 pojedynczych przyn\u0119t, co pozwala na pokrycie du\u017cych p\u00f3l uprawnych, otwartego terenu, stref \u017cerowania lub konfiguracji wabik\u00f3w. Ta du\u017ca ilo\u015b\u0107 zapewnia elastyczno\u015b\u0107 w tworzeniu wielu punkt\u00f3w wabienia i dostosowywaniu strategii rozmieszczania przez ca\u0142y sezon \u0142owiecki.<\/p>\n<p><strong><img decoding=\"async\" style=\"margin-right: 12px;\" src=\"https:\/\/www.huntattract.com\/wp-content\/uploads\/2026\/02\/Check.svg\" alt=\"\" width=\"18\" height=\"15\" \/>Specjalnie zaprojektowany do polowa\u0144 na wrony.<\/strong> W przeciwie\u0144stwie do og\u00f3lnych \u015brodk\u00f3w wabi\u0105cych dzikie zwierz\u0119ta, produkt ten zosta\u0142 opracowany wy\u0142\u0105cznie z my\u015bl\u0105 o wronach. Jego kompozycja zapachowa jest ukierunkowana na ich oportunistyczne zachowania \u017cywieniowe, zwi\u0119kszaj\u0105c liczb\u0119 l\u0105dowa\u0144 badawczych i zach\u0119caj\u0105c stada do gromadzenia si\u0119 w wybranym obszarze.<\/p>\n<p><strong><img decoding=\"async\" style=\"margin-right: 12px;\" src=\"https:\/\/www.huntattract.com\/wp-content\/uploads\/2026\/02\/Check.svg\" alt=\"\" width=\"18\" height=\"15\" \/>Szybka aktywacja zapachu i silna dyfuzja.<\/strong> Atraktant zaczyna uwalnia\u0107 sw\u00f3j zapach natychmiast po umieszczeniu, tworz\u0105c zauwa\u017calne przyci\u0105ganie w kr\u00f3tkim czasie. Jego formu\u0142a o kontrolowanym uwalnianiu zapewnia trwa\u0142e przyci\u0105ganie przez kilka dni bez konieczno\u015bci ci\u0105g\u0142ej wymiany.<\/p>\n<p><strong><img decoding=\"async\" style=\"margin-right: 12px;\" src=\"https:\/\/www.huntattract.com\/wp-content\/uploads\/2026\/02\/Check.svg\" alt=\"\" width=\"18\" height=\"15\" \/>Skuteczny w r\u00f3\u017cnych \u015brodowiskach zewn\u0119trznych.<\/strong> Niezale\u017cnie od tego, czy jest u\u017cywana na polach uprawnych, \u0142\u0105kach, polanach le\u015bnych czy w pobli\u017cu wabik\u00f3w, przyn\u0119ta dzia\u0142a niezawodnie. Stabilna formu\u0142a utrzymuje moc przy umiarkowanym wietrze i zmiennych warunkach pogodowych.<\/p>\n<p><strong><img decoding=\"async\" style=\"margin-right: 12px;\" src=\"https:\/\/www.huntattract.com\/wp-content\/uploads\/2026\/02\/Check.svg\" alt=\"\" width=\"18\" height=\"15\" \/>Proste i dyskretne rozmieszczenie.<\/strong> Ka\u017cda przyn\u0119ta jest kompaktowa i \u0142atwa do umieszczenia na ziemi, w pobli\u017cu miejsc \u017cerowania, wok\u00f3\u0142 wabik\u00f3w lub wzd\u0142u\u017c \u015bcie\u017cek lotu. Ta praktyczna konstrukcja pozwala na efektywn\u0105 konfiguracj\u0119 bez niepotrzebnego przyci\u0105gania uwagi.<\/p>\n<p><strong><img decoding=\"async\" style=\"margin-right: 12px;\" src=\"https:\/\/www.huntattract.com\/wp-content\/uploads\/2026\/02\/Check.svg\" alt=\"\" width=\"18\" height=\"15\" \/>Sta\u0142a wydajno\u015b\u0107 przez ca\u0142y sezon.<\/strong> Od wczesnych zwiad\u00f3w po szczytowe okresy migracji, nasz atraktant na wrony pozostaje niezawodny. Zr\u00f3wnowa\u017cony sk\u0142ad jest odporny na szybk\u0105 degradacj\u0119, zapewniaj\u0105c niezawodne przyci\u0105ganie dzie\u0144 po dniu.<\/p>\n<h2><strong>Instrukcje<\/strong><\/h2>\n<ul>\n<li>Zidentyfikuj aktywne strefy wron, takie jak obszary \u017cerowania, pola uprawne, otwarte polany lub miejsca, w kt\u00f3rych cz\u0119sto l\u0105duj\u0105 stada.<\/li>\n<li>Umie\u015b\u0107 jedn\u0105 przyn\u0119t\u0119 mniej wi\u0119cej co 5 do 10 metr\u00f3w w docelowym obszarze \u0142owieckim, aby stworzy\u0107 siln\u0105 i sta\u0142\u0105 obecno\u015b\u0107 zapachu.<\/li>\n<li>W przypadku ustawiania wabik\u00f3w, umie\u015b\u0107 kilka przyn\u0119t wok\u00f3\u0142 i nieco za wabikami, aby zach\u0119ci\u0107 do l\u0105dowania w wybranym zakresie.<\/li>\n<li>Ka\u017cda przyn\u0119ta jest gotowa do u\u017cycia i nie nale\u017cy jej otwiera\u0107 ani modyfikowa\u0107. Os\u0142onka automatycznie reguluje uwalnianie zapachu.<\/li>\n<li>Zalecane dawkowanie to jedna przyn\u0119ta na okre\u015blony punkt przyci\u0105gania, zwi\u0119kszaj\u0105c g\u0119sto\u015b\u0107 w strefach o wysokiej aktywno\u015bci lub w przypadku wi\u0119kszych stad.<\/li>\n<li>Przy wietrznej pogodzie nale\u017cy umieszcza\u0107 przyn\u0119ty w lekko os\u0142oni\u0119tych miejscach, takich jak niska trawa lub p\u0142ytkie zag\u0142\u0119bienia terenu, aby utrzyma\u0107 skuteczne rozpraszanie zapachu.<\/li>\n<li>Wymieniaj przyn\u0119ty co 4 do 6 dni lub wcze\u015bniej, je\u015bli ulewny deszcz znacznie zmniejszy intensywno\u015b\u0107 zapachu.<\/li>\n<li>Zawsze u\u017cywaj r\u0119kawiczek, aby unikn\u0105\u0107 przeniesienia ludzkiego zapachu na przyn\u0119t\u0119 lub otaczaj\u0105cy j\u0105 obszar.<\/li>\n<li>Niewykorzystane przyn\u0119ty nale\u017cy przechowywa\u0107 w szczelnie zamkni\u0119tym pojemniku w ch\u0142odnym, suchym miejscu z dala od \u015bwiat\u0142a s\u0142onecznego, aby zachowa\u0107 ich skuteczno\u015b\u0107.<\/li>\n<li>Produktu nale\u017cy u\u017cywa\u0107 w pe\u0142nej zgodno\u015bci z lokalnymi przepisami dotycz\u0105cymi polowa\u0144, przepisami dotycz\u0105cymi dzikich zwierz\u0105t i dozwolonymi wytycznymi sezonowymi.<\/li>\n<\/ul>","protected":false},"excerpt":{"rendered":"<p>Superior effectiveness in attracting crows quickly and consistently. Our crow attractant has been carefully engineered to stimulate the natural feeding and curiosity instincts of crows, making it the most effective solution available for hunting purposes. The scent profile has been field-tested in agricultural fields, open plains, and woodland edges to ensure rapid detection and repeated [&hellip;]<\/p>\n","protected":false},"featured_media":23008,"comment_status":"open","ping_status":"closed","template":"","meta":{"_uag_custom_page_level_css":"","site-sidebar-layout":"default","site-content-layout":"","ast-site-content-layout":"default","site-content-style":"default","site-sidebar-style":"default","ast-global-header-display":"","ast-banner-title-visibility":"","ast-main-header-display":"","ast-hfb-above-header-display":"","ast-hfb-below-header-display":"","ast-hfb-mobile-header-display":"","site-post-title":"","ast-breadcrumbs-content":"","ast-featured-img":"","footer-sml-layout":"","ast-disable-related-posts":"","theme-transparent-header-meta":"default","adv-header-id-meta":"","stick-header-meta":"","header-above-stick-meta":"","header-main-stick-meta":"","header-below-stick-meta":"","astra-migrate-meta-layouts":"set","ast-page-background-enabled":"default","ast-page-background-meta":{"desktop":{"background-color":"var(--ast-global-color-4)","background-image":"","background-repeat":"repeat","background-position":"center center","background-size":"auto","background-attachment":"scroll","background-type":"","background-media":"","overlay-type":"","overlay-color":"","overlay-opacity":"","overlay-gradient":""},"tablet":{"background-color":"","background-image":"","background-repeat":"repeat","background-position":"center center","background-size":"auto","background-attachment":"scroll","background-type":"","background-media":"","overlay-type":"","overlay-color":"","overlay-opacity":"","overlay-gradient":""},"mobile":{"background-color":"","background-image":"","background-repeat":"repeat","background-position":"center center","background-size":"auto","background-attachment":"scroll","background-type":"","background-media":"","overlay-type":"","overlay-color":"","overlay-opacity":"","overlay-gradient":""}},"ast-content-background-meta":{"desktop":{"background-color":"var(--ast-global-color-5)","background-image":"","background-repeat":"repeat","background-position":"center center","background-size":"auto","background-attachment":"scroll","background-type":"","background-media":"","overlay-type":"","overlay-color":"","overlay-opacity":"","overlay-gradient":""},"tablet":{"background-color":"var(--ast-global-color-5)","background-image":"","background-repeat":"repeat","background-position":"center center","background-size":"auto","background-attachment":"scroll","background-type":"","background-media":"","overlay-type":"","overlay-color":"","overlay-opacity":"","overlay-gradient":""},"mobile":{"background-color":"var(--ast-global-color-5)","background-image":"","background-repeat":"repeat","background-position":"center center","background-size":"auto","background-attachment":"scroll","background-type":"","background-media":"","overlay-type":"","overlay-color":"","overlay-opacity":"","overlay-gradient":""}}},"product_brand":[],"product_cat":[15],"product_tag":[],"class_list":{"0":"post-22993","1":"product","2":"type-product","3":"status-publish","4":"has-post-thumbnail","6":"product_cat-shop","7":"desktop-align-left","8":"tablet-align-left","9":"mobile-align-left","11":"first","12":"instock","13":"taxable","14":"shipping-taxable","15":"purchasable","16":"product-type-simple"},"spectra_custom_meta":{"_visibility":["visible"],"_shopify_product_id":["8186593575160"],"_s2w_shopify_domain":["boarattract.myshopify.com"],"_shopify_variant_id":["44151441457400"],"_sku":["HACROWBAITS"],"_regular_price":["29.90"],"_price":["29.90"],"_sale_price":[""],"_weight":["0.2"],"_thumbnail_id":["23008"],"_global_unique_id":["5056773800540"],"total_sales":["59"],"_tax_status":["taxable"],"_tax_class":[""],"_manage_stock":["no"],"_backorders":["no"],"_sold_individually":["no"],"_virtual":["no"],"_downloadable":["no"],"_download_limit":["-1"],"_download_expiry":["-1"],"_stock":[null],"_stock_status":["instock"],"_wc_average_rating":["4.96"],"_wc_review_count":["49"],"_product_version":["10.5.2"],"_wc_rating_count":["a:2:{i:4;i:2;i:5;i:47;}"],"_edit_lock":["1772289644:1"],"merchant-center-category":["499824"],"merchant-center-id":["HACRB"],"merchant-center-availability":["yes"],"_edit_last":["1"],"_wp_page_template":["default"],"site-sidebar-layout":["default"],"ast-site-content-layout":["default"],"site-content-style":["default"],"site-sidebar-style":["default"],"theme-transparent-header-meta":["default"],"astra-migrate-meta-layouts":["set"],"_uag_css_file_name":["uag-css-22993.css"],"_elementor_page_assets":["a:0:{}"],"_uag_page_assets":["a:9:{s:3:\"css\";s:7133:\".uag-blocks-common-selector{z-index:var(--z-index-desktop) !important}@media(max-width: 976px){.uag-blocks-common-selector{z-index:var(--z-index-tablet) !important}}@media(max-width: 767px){.uag-blocks-common-selector{z-index:var(--z-index-mobile) !important}}.wp-block-uagb-image{display:flex}.wp-block-uagb-image__figure{position:relative;display:flex;flex-direction:column;max-width:100%;height:auto;margin:0}.wp-block-uagb-image__figure img{height:auto;display:flex;max-width:100%;transition:box-shadow .2s ease}.wp-block-uagb-image__figure>a{display:inline-block}.wp-block-uagb-image__figure figcaption{text-align:center;margin-top:.5em;margin-bottom:1em}.wp-block-uagb-image .components-placeholder.block-editor-media-placeholder .components-placeholder__instructions{align-self:center}.wp-block-uagb-image--align-left{text-align:left}.wp-block-uagb-image--align-right{text-align:right}.wp-block-uagb-image--align-center{text-align:center}.wp-block-uagb-image--align-full .wp-block-uagb-image__figure{margin-left:calc(50% - 50vw);margin-right:calc(50% - 50vw);max-width:100vw;width:100vw;height:auto}.wp-block-uagb-image--align-full .wp-block-uagb-image__figure img{height:auto;width:100% !important}.wp-block-uagb-image--align-wide .wp-block-uagb-image__figure img{height:auto;width:100%}.wp-block-uagb-image--layout-overlay__color-wrapper{position:absolute;left:0;top:0;right:0;bottom:0;opacity:.2;background:rgba(0,0,0,.5);transition:opacity .35s ease-in-out}.wp-block-uagb-image--layout-overlay-link{position:absolute;left:0;right:0;bottom:0;top:0}.wp-block-uagb-image--layout-overlay .wp-block-uagb-image__figure:hover .wp-block-uagb-image--layout-overlay__color-wrapper{opacity:1}.wp-block-uagb-image--layout-overlay__inner{position:absolute;left:15px;right:15px;bottom:15px;top:15px;display:flex;align-items:center;justify-content:center;flex-direction:column;border-color:#fff;transition:.35s ease-in-out}.wp-block-uagb-image--layout-overlay__inner.top-left,.wp-block-uagb-image--layout-overlay__inner.top-center,.wp-block-uagb-image--layout-overlay__inner.top-right{justify-content:flex-start}.wp-block-uagb-image--layout-overlay__inner.bottom-left,.wp-block-uagb-image--layout-overlay__inner.bottom-center,.wp-block-uagb-image--layout-overlay__inner.bottom-right{justify-content:flex-end}.wp-block-uagb-image--layout-overlay__inner.top-left,.wp-block-uagb-image--layout-overlay__inner.center-left,.wp-block-uagb-image--layout-overlay__inner.bottom-left{align-items:flex-start}.wp-block-uagb-image--layout-overlay__inner.top-right,.wp-block-uagb-image--layout-overlay__inner.center-right,.wp-block-uagb-image--layout-overlay__inner.bottom-right{align-items:flex-end}.wp-block-uagb-image--layout-overlay__inner .uagb-image-heading{color:#fff;transition:transform .35s,opacity .35s ease-in-out;transform:translate3d(0, 24px, 0);margin:0;line-height:1em}.wp-block-uagb-image--layout-overlay__inner .uagb-image-separator{width:30%;border-top-width:2px;border-top-color:#fff;border-top-style:solid;margin-bottom:10px;opacity:0;transition:transform .4s,opacity .4s ease-in-out;transform:translate3d(0, 30px, 0)}.wp-block-uagb-image--layout-overlay__inner .uagb-image-caption{opacity:0;overflow:visible;color:#fff;transition:transform .45s,opacity .45s ease-in-out;transform:translate3d(0, 35px, 0)}.wp-block-uagb-image--layout-overlay__inner:hover .uagb-image-heading,.wp-block-uagb-image--layout-overlay__inner:hover .uagb-image-separator,.wp-block-uagb-image--layout-overlay__inner:hover .uagb-image-caption{opacity:1;transform:translate3d(0, 0, 0)}.wp-block-uagb-image--effect-zoomin .wp-block-uagb-image__figure img,.wp-block-uagb-image--effect-zoomin .wp-block-uagb-image__figure .wp-block-uagb-image--layout-overlay__color-wrapper{transform:scale(1);transition:transform .35s ease-in-out}.wp-block-uagb-image--effect-zoomin .wp-block-uagb-image__figure:hover img,.wp-block-uagb-image--effect-zoomin .wp-block-uagb-image__figure:hover .wp-block-uagb-image--layout-overlay__color-wrapper{transform:scale(1.05)}.wp-block-uagb-image--effect-slide .wp-block-uagb-image__figure img,.wp-block-uagb-image--effect-slide .wp-block-uagb-image__figure .wp-block-uagb-image--layout-overlay__color-wrapper{width:calc(100% + 40px) !important;max-width:none !important;transform:translate3d(-40px, 0, 0);transition:transform .35s ease-in-out}.wp-block-uagb-image--effect-slide .wp-block-uagb-image__figure:hover img,.wp-block-uagb-image--effect-slide .wp-block-uagb-image__figure:hover .wp-block-uagb-image--layout-overlay__color-wrapper{transform:translate3d(0, 0, 0)}.wp-block-uagb-image--effect-grayscale img{filter:grayscale(0%);transition:.35s ease-in-out}.wp-block-uagb-image--effect-grayscale:hover img{filter:grayscale(100%)}.wp-block-uagb-image--effect-blur img{filter:blur(0);transition:.35s ease-in-out}.wp-block-uagb-image--effect-blur:hover img{filter:blur(3px)}.uagb-block-e6f939b3.wp-block-uagb-image--layout-default figure img{box-shadow: 0px 0px 0 #00000070;}.uagb-block-e6f939b3.wp-block-uagb-image .wp-block-uagb-image__figure figcaption{font-style: normal;align-self: center;}.uagb-block-e6f939b3.wp-block-uagb-image--layout-overlay figure img{box-shadow: 0px 0px 0 #00000070;}.uagb-block-e6f939b3.wp-block-uagb-image--layout-overlay .wp-block-uagb-image--layout-overlay__color-wrapper{opacity: 0.2;}.uagb-block-e6f939b3.wp-block-uagb-image--layout-overlay .wp-block-uagb-image--layout-overlay__inner{left: 15px;right: 15px;top: 15px;bottom: 15px;}.uagb-block-e6f939b3.wp-block-uagb-image--layout-overlay .wp-block-uagb-image--layout-overlay__inner .uagb-image-heading{font-style: normal;color: #fff;opacity: 1;}.uagb-block-e6f939b3.wp-block-uagb-image--layout-overlay .wp-block-uagb-image--layout-overlay__inner .uagb-image-heading a{color: #fff;}.uagb-block-e6f939b3.wp-block-uagb-image--layout-overlay .wp-block-uagb-image--layout-overlay__inner .uagb-image-caption{opacity: 0;}.uagb-block-e6f939b3.wp-block-uagb-image--layout-overlay .wp-block-uagb-image__figure:hover .wp-block-uagb-image--layout-overlay__color-wrapper{opacity: 1;}.uagb-block-e6f939b3.wp-block-uagb-image .wp-block-uagb-image--layout-overlay__inner .uagb-image-separator{width: 30%;border-top-width: 2px;border-top-color: #fff;opacity: 0;}.uagb-block-e6f939b3.wp-block-uagb-image .wp-block-uagb-image__figure img{width: px;height: auto;}.uagb-block-e6f939b3.wp-block-uagb-image .wp-block-uagb-image__figure:hover .wp-block-uagb-image--layout-overlay__inner .uagb-image-caption{opacity: 1;}.uagb-block-e6f939b3.wp-block-uagb-image .wp-block-uagb-image__figure:hover .wp-block-uagb-image--layout-overlay__inner .uagb-image-separator{opacity: 1;}.uagb-block-e6f939b3.wp-block-uagb-image--layout-default figure:hover img{box-shadow: 0px 0px 0 #00000070;}.uagb-block-e6f939b3.wp-block-uagb-image--layout-overlay figure:hover img{box-shadow: 0px 0px 0 #00000070;}@media only screen and (max-width: 976px) {.uagb-block-e6f939b3.wp-block-uagb-image .wp-block-uagb-image__figure img{width: px;height: auto;}}@media only screen and (max-width: 767px) {.uagb-block-e6f939b3.wp-block-uagb-image .wp-block-uagb-image__figure img{width: px;height: auto;}}\";s:2:\"js\";s:0:\"\";s:18:\"current_block_list\";a:13:{i:0;s:11:\"core\/search\";i:1;s:10:\"core\/group\";i:2;s:12:\"core\/heading\";i:3;s:17:\"core\/latest-posts\";i:4;s:20:\"core\/latest-comments\";i:5;s:13:\"core\/archives\";i:6;s:15:\"core\/categories\";i:7;s:14:\"core\/paragraph\";i:8;s:10:\"uagb\/image\";i:9;s:11:\"core\/spacer\";i:10;s:30:\"woocommerce\/product-categories\";i:11;s:10:\"core\/image\";i:12;s:14:\"core\/shortcode\";}s:8:\"uag_flag\";b:1;s:11:\"uag_version\";s:10:\"1777838515\";s:6:\"gfonts\";a:0:{}s:10:\"gfonts_url\";s:0:\"\";s:12:\"gfonts_files\";a:0:{}s:14:\"uag_faq_layout\";b:0;}"]},"uagb_featured_image_src":{"full":["https:\/\/www.huntattract.com\/wp-content\/uploads\/2025\/06\/CROW_HuntAttract_sur_1000.png",1000,1000,false],"thumbnail":["https:\/\/www.huntattract.com\/wp-content\/uploads\/2025\/06\/CROW_HuntAttract_sur_1000-150x150.png",150,150,true],"medium":["https:\/\/www.huntattract.com\/wp-content\/uploads\/2025\/06\/CROW_HuntAttract_sur_1000-300x300.png",300,300,true],"medium_large":["https:\/\/www.huntattract.com\/wp-content\/uploads\/2025\/06\/CROW_HuntAttract_sur_1000-768x768.png",768,768,true],"large":["https:\/\/www.huntattract.com\/wp-content\/uploads\/2025\/06\/CROW_HuntAttract_sur_1000.png",1000,1000,false],"1536x1536":["https:\/\/www.huntattract.com\/wp-content\/uploads\/2025\/06\/CROW_HuntAttract_sur_1000.png",1000,1000,false],"2048x2048":["https:\/\/www.huntattract.com\/wp-content\/uploads\/2025\/06\/CROW_HuntAttract_sur_1000.png",1000,1000,false],"trp-custom-language-flag":["https:\/\/www.huntattract.com\/wp-content\/uploads\/2025\/06\/CROW_HuntAttract_sur_1000-12x12.png",12,12,true],"woocommerce_thumbnail":["https:\/\/www.huntattract.com\/wp-content\/uploads\/2025\/06\/CROW_HuntAttract_sur_1000-300x300.png",300,300,true],"woocommerce_single":["https:\/\/www.huntattract.com\/wp-content\/uploads\/2025\/06\/CROW_HuntAttract_sur_1000-600x600.png",600,600,true],"woocommerce_gallery_thumbnail":["https:\/\/www.huntattract.com\/wp-content\/uploads\/2025\/06\/CROW_HuntAttract_sur_1000-100x100.png",100,100,true]},"uagb_author_info":{"display_name":"admin","author_link":"https:\/\/www.huntattract.com\/pl\/author\/"},"uagb_comment_info":49,"uagb_excerpt":"Superior effectiveness in attracting crows quickly and consistently. Our crow attractant has been carefully engineered to stimulate the natural feeding and curiosity instincts of crows, making it the most effective solution available for hunting purposes. The scent profile has been field-tested in agricultural fields, open plains, and woodland edges to ensure rapid detection and repeated&hellip;","_links":{"self":[{"href":"https:\/\/www.huntattract.com\/pl\/wp-json\/wp\/v2\/product\/22993","targetHints":{"allow":["GET"]}}],"collection":[{"href":"https:\/\/www.huntattract.com\/pl\/wp-json\/wp\/v2\/product"}],"about":[{"href":"https:\/\/www.huntattract.com\/pl\/wp-json\/wp\/v2\/types\/product"}],"replies":[{"embeddable":true,"href":"https:\/\/www.huntattract.com\/pl\/wp-json\/wp\/v2\/comments?post=22993"}],"version-history":[{"count":5,"href":"https:\/\/www.huntattract.com\/pl\/wp-json\/wp\/v2\/product\/22993\/revisions"}],"predecessor-version":[{"id":24079,"href":"https:\/\/www.huntattract.com\/pl\/wp-json\/wp\/v2\/product\/22993\/revisions\/24079"}],"wp:featuredmedia":[{"embeddable":true,"href":"https:\/\/www.huntattract.com\/pl\/wp-json\/wp\/v2\/media\/23008"}],"wp:attachment":[{"href":"https:\/\/www.huntattract.com\/pl\/wp-json\/wp\/v2\/media?parent=22993"}],"wp:term":[{"taxonomy":"product_brand","embeddable":true,"href":"https:\/\/www.huntattract.com\/pl\/wp-json\/wp\/v2\/product_brand?post=22993"},{"taxonomy":"product_cat","embeddable":true,"href":"https:\/\/www.huntattract.com\/pl\/wp-json\/wp\/v2\/product_cat?post=22993"},{"taxonomy":"product_tag","embeddable":true,"href":"https:\/\/www.huntattract.com\/pl\/wp-json\/wp\/v2\/product_tag?post=22993"}],"curies":[{"name":"wp","href":"https:\/\/api.w.org\/{rel}","templated":true}]}}