{"id":23007,"date":"2025-06-11T16:48:49","date_gmt":"2025-06-11T14:48:49","guid":{"rendered":"https:\/\/www.huntattract.com\/products\/wood-pigeon-attractant-500-baits\/"},"modified":"2026-02-28T15:49:13","modified_gmt":"2026-02-28T14:49:13","slug":"wood-pigeon-attractant-500-baits","status":"publish","type":"product","link":"https:\/\/www.huntattract.com\/lt\/products\/wood-pigeon-attractant-500-baits\/","title":{"rendered":"Med\u017eiokliniai masalai med\u017eiokliniams baland\u017eiams (500 vnt.)"},"content":{"rendered":"<p><strong><img decoding=\"async\" style=\"margin-right: 12px;\" src=\"https:\/\/www.huntattract.com\/wp-content\/uploads\/2026\/02\/Check.svg\" alt=\"\" width=\"18\" height=\"15\" \/>I\u0161skirtinis baland\u017ei\u0173 viliojimo veiksmingumas - greitas ir nat\u016bralus.<\/strong> M\u016bs\u0173 medini\u0173 baland\u017ei\u0173 vilioklis specialiai sukurtas taip, kad skatint\u0173 lesinimo instinkt\u0105, susitelkim\u0105 ir pasitik\u0117jim\u0105 nusileidimu, tod\u0117l yra veiksmingiausias med\u017eioklinis vilioklis. Kvapo sud\u0117tis kruop\u0161\u010diai subalansuota taip, kad skatint\u0173 tiriam\u0105j\u012f apskridim\u0105 ir pakartotin\u012f nusileidim\u0105 nesukeliant \u012ftarumo atsargiems pauk\u0161\u010diams, o kvapas sukurtas atlikus i\u0161samius lauko bandymus \u017eem\u0117s \u016bkio paskirties \u017eem\u0117je, ra\u017eien\u0173 laukuose, mi\u0161k\u0173 pakra\u0161\u010diuose ir atvirose vietov\u0117se.<\/p>\n<p><strong><img decoding=\"async\" style=\"margin-right: 12px;\" src=\"https:\/\/www.huntattract.com\/wp-content\/uploads\/2026\/02\/Check.svg\" alt=\"\" width=\"18\" height=\"15\" \/>Pigiausias rinkoje medini\u0173 baland\u017ei\u0173 vilioklis, pasi\u017eymintis profesionaliu veikimu.<\/strong> Did\u017eiuojam\u0117s gal\u0117dami pasi\u016blyti ma\u017eiausi\u0105 kain\u0105, i\u0161laikydami auk\u0161\u010diausios kokyb\u0117s preparat\u0173 standartus ir grie\u017et\u0105 kokyb\u0117s kontrol\u0119. Kiekvienoje pakuot\u0117je yra 500 paruo\u0161t\u0173 naudoti masal\u0173, tod\u0117l u\u017e neprilygstam\u0105 kain\u0105 gal\u0117site m\u0117gautis pla\u010dia teritorijos apr\u0117ptimi ir auk\u0161to lygio efektyvumu.<\/p>\n<p><strong><img decoding=\"async\" style=\"margin-right: 12px;\" src=\"https:\/\/www.huntattract.com\/wp-content\/uploads\/2026\/02\/Check.svg\" alt=\"\" width=\"18\" height=\"15\" \/>Pinig\u0173 gr\u0105\u017einimo garantija - visi\u0161kas pasitik\u0117jimas.<\/strong> Mes visi\u0161kai garantuojame u\u017e savo gamin\u012f. Jei nesate patenkinti m\u016bs\u0173 medini\u0173 baland\u017ei\u0173 viliojimo priemon\u0117s veikimu, gr\u0105\u017einsime jums pinigus. M\u016bs\u0173 pinig\u0173 gr\u0105\u017einimo garantija u\u017etikrina, kad j\u016bs\u0173 pirkinys bus visi\u0161kai nerizikingas ir paremtas m\u016bs\u0173 \u012fsipareigojimu u\u017etikrinti klient\u0173 pasitenkinim\u0105.<\/p>\n<p><strong><img decoding=\"async\" style=\"margin-right: 12px;\" src=\"https:\/\/www.huntattract.com\/wp-content\/uploads\/2026\/02\/Check.svg\" alt=\"\" width=\"18\" height=\"15\" \/>Pristatymas 24 valandas per par\u0105, kad b\u016btum\u0117te pasiruo\u0161\u0119 nedelsiant.<\/strong> Mi\u0161kini\u0173 baland\u017ei\u0173 aktyvumas gali greitai keistis priklausomai nuo s\u0117jomainos ir maitinimosi galimybi\u0173. Tod\u0117l visada si\u016blome pristatym\u0105 24 valandas per par\u0105 ir u\u017etikriname, kad j\u016bs\u0173 500 masal\u0173 b\u016bt\u0173 pristatyti greitai, kad gal\u0117tum\u0117te tinkamu metu \u012frengti med\u017eiokl\u0117s plot\u0105.<\/p>\n<p><strong><img decoding=\"async\" style=\"margin-right: 12px;\" src=\"https:\/\/www.huntattract.com\/wp-content\/uploads\/2026\/02\/Check.svg\" alt=\"\" width=\"18\" height=\"15\" \/>Didel\u0117 apr\u0117ptis su 500 didelio efektyvumo masal\u0173.<\/strong> Kiekvienoje pakuot\u0117je yra 500 atskir\u0173 masal\u0173, tod\u0117l galite sukurti daugyb\u0119 traukos ta\u0161k\u0173 dideliuose laukuose, skryd\u017eio linijose ir \u0161\u0117rimo zonose. Toks didelis kiekis suteikia lankstumo ir strateginio pritaikomumo vis\u0105 med\u017eiokl\u0117s sezon\u0105.<\/p>\n<p><strong><img decoding=\"async\" style=\"margin-right: 12px;\" src=\"https:\/\/www.huntattract.com\/wp-content\/uploads\/2026\/02\/Check.svg\" alt=\"\" width=\"18\" height=\"15\" \/>Specialiai sukurtas medini\u0173 baland\u017ei\u0173 med\u017eiokl\u0117s aplinkai.<\/strong> Skirtingai nuo \u012fprast\u0173 pauk\u0161\u010di\u0173 viliojimo priemoni\u0173, \u0161is gaminys sukurtas atsi\u017evelgiant tik \u012f medini\u0173 baland\u017ei\u0173 elgsenos ypatumus. Kvapo profilis palaiko nat\u016bral\u0173 maitinimosi tyrim\u0105 ir skatina b\u016brius susiburti kruop\u0161\u010diai parinktose vietose.<\/p>\n<p><strong><img decoding=\"async\" style=\"margin-right: 12px;\" src=\"https:\/\/www.huntattract.com\/wp-content\/uploads\/2026\/02\/Check.svg\" alt=\"\" width=\"18\" height=\"15\" \/>Greitas kvapo suaktyvinimas ir ilgalaikis i\u0161siskyrimas.<\/strong> Vos tik u\u017ed\u0117jus viliokl\u012f, jis pradeda sklaidytis ir greitai pritraukia d\u0117mes\u012f. Kontroliuojamo i\u0161siskyrimo sistema u\u017etikrina pastov\u0173 kvapo buvim\u0105 kelias dienas, tod\u0117l nereikia da\u017enai keisti kvapo.<\/p>\n<p><strong><img decoding=\"async\" style=\"margin-right: 12px;\" src=\"https:\/\/www.huntattract.com\/wp-content\/uploads\/2026\/02\/Check.svg\" alt=\"\" width=\"18\" height=\"15\" \/>Patikimas veikimas atvirose ir \u017eem\u0117s \u016bkio paskirties vietov\u0117se.<\/strong> Nesvarbu, ar naudojamas nuimto derliaus laukuose, \u017eol\u0117tose lygumose, ar netoli mi\u0161ko pakra\u0161\u010di\u0173, preparatas i\u0161laiko savo veiksmingum\u0105 esant vidutiniam v\u0117jui ir permainingoms oro s\u0105lygoms.<\/p>\n<p><strong><img decoding=\"async\" style=\"margin-right: 12px;\" src=\"https:\/\/www.huntattract.com\/wp-content\/uploads\/2026\/02\/Check.svg\" alt=\"\" width=\"18\" height=\"15\" \/>Lengva ir nepastebima vieta, kad b\u016bt\u0173 galima efektyviai atlikti nustatymus.<\/strong> Kompakti\u0161kas masalo dizainas leid\u017eia lengvai i\u0161d\u0117styti masal\u0105 aplink masal\u0105, palei \u0161\u0117rimo juostas arba \u0161alia skryd\u017eio tak\u0173. Jis nat\u016braliai \u012fsilieja \u012f aplink\u0105, netrikdydamas pauk\u0161\u010di\u0173 elgesio.<\/p>\n<p><strong><img decoding=\"async\" style=\"margin-right: 12px;\" src=\"https:\/\/www.huntattract.com\/wp-content\/uploads\/2026\/02\/Check.svg\" alt=\"\" width=\"18\" height=\"15\" \/>Profesionali formul\u0117 i\u0161bandyta realiose med\u017eiokl\u0117se.<\/strong> \u0160is atraktantas sukurtas atsi\u017evelgiant \u012f patyrusi\u0173 lauko med\u017eiotoj\u0173 nuomon\u0119, tod\u0117l atitinka praktinius reikalavimus. Kvapo balansas ir sklaidos greitis optimizuoti taip, kad padid\u0117t\u0173 pasitik\u0117jimas, jog med\u017eiotojas nusileis, ir pager\u0117t\u0173 bendras med\u017eiokl\u0117s efektyvumas.<\/p>\n<h2><strong>Instrukcijos<\/strong><\/h2>\n<ul>\n<li>Nustatykite aktyvias mi\u0161kini\u0173 baland\u017ei\u0173 zonas, tokias kaip maitinimosi laukai, skraidymo takai, mi\u0161k\u0173 pakra\u0161\u010diai ir neseniai nuimto derliaus plotai.<\/li>\n<li>Med\u017eiokl\u0117s zonoje ma\u017edaug kas 5-10 metr\u0173 pad\u0117kite po vien\u0105 masal\u0105, kad kvapas b\u016bt\u0173 pastovus.<\/li>\n<li>Naudodami masalus, i\u0161d\u0117stykite kelis masalus aplink ir \u0161iek tiek u\u017e masalo modelio, kad paskatintum\u0117te pauk\u0161\u010dius \u012fsitvirtinti ir nut\u016bpti ar\u010diau.<\/li>\n<li>Kiekvienas masalas yra paruo\u0161tas naudoti, jo negalima atidaryti ar keisti. Korpusas automati\u0161kai reguliuoja laipsni\u0161k\u0105 kvapo i\u0161siskyrim\u0105.<\/li>\n<li>Rekomenduojama dozuoti po vien\u0105 masal\u0105 viename viliojimo ta\u0161ke, tankum\u0105 didinant didelio aktyvumo maitinimosi vietose arba kai siekiama privilioti didesnius b\u016brius.<\/li>\n<li>Esant v\u0117juotam orui, masalus statykite \u0161iek tiek apsaugotose vietose, pavyzd\u017eiui, \u017eemoje augmenijoje arba negiliose \u012fdubose, kad kvapas sklist\u0173 efektyviai.<\/li>\n<li>Kad masalai veikt\u0173 optimaliai, juos keiskite kas 4-6 dienas arba anks\u010diau, jei gaus\u016bs krituliai labai suma\u017eina kvapo intensyvum\u0105.<\/li>\n<li>Visada dirbkite su pir\u0161tin\u0117mis, kad i\u0161vengtum\u0117te \u017emogaus kvapo perne\u0161imo \u012f jauk\u0105 ar aplink\u0105.<\/li>\n<li>Nepanaudotus jaukus laikykite sandariai u\u017edarytame inde, v\u0117sioje, sausoje vietoje, atokiau nuo tiesiogini\u0173 saul\u0117s spinduli\u0173, kad i\u0161likt\u0173 veiksmingi.<\/li>\n<li>Naudokite grie\u017etai laikydamiesi vietini\u0173 med\u017eiokl\u0117s \u012fstatym\u0173, laukin\u0117s gamtos taisykli\u0173 ir sezonini\u0173 nurodym\u0173, taikom\u0173 j\u016bs\u0173 regione.<\/li>\n<\/ul>","protected":false},"excerpt":{"rendered":"<p>Exceptional effectiveness in attracting wood pigeons rapidly and naturally. Our wood pigeon attractant has been specifically formulated to stimulate feeding instinct, flocking behavior, and landing confidence, making it the most effective hunting attractant available. Developed through extensive field testing in agricultural land, stubble fields, woodland edges, and open countryside, the scent composition is carefully balanced [&hellip;]<\/p>\n","protected":false},"featured_media":23050,"comment_status":"open","ping_status":"closed","template":"","meta":{"_uag_custom_page_level_css":"","site-sidebar-layout":"default","site-content-layout":"","ast-site-content-layout":"default","site-content-style":"default","site-sidebar-style":"default","ast-global-header-display":"","ast-banner-title-visibility":"","ast-main-header-display":"","ast-hfb-above-header-display":"","ast-hfb-below-header-display":"","ast-hfb-mobile-header-display":"","site-post-title":"","ast-breadcrumbs-content":"","ast-featured-img":"","footer-sml-layout":"","ast-disable-related-posts":"","theme-transparent-header-meta":"default","adv-header-id-meta":"","stick-header-meta":"","header-above-stick-meta":"","header-main-stick-meta":"","header-below-stick-meta":"","astra-migrate-meta-layouts":"set","ast-page-background-enabled":"default","ast-page-background-meta":{"desktop":{"background-color":"var(--ast-global-color-4)","background-image":"","background-repeat":"repeat","background-position":"center center","background-size":"auto","background-attachment":"scroll","background-type":"","background-media":"","overlay-type":"","overlay-color":"","overlay-opacity":"","overlay-gradient":""},"tablet":{"background-color":"","background-image":"","background-repeat":"repeat","background-position":"center center","background-size":"auto","background-attachment":"scroll","background-type":"","background-media":"","overlay-type":"","overlay-color":"","overlay-opacity":"","overlay-gradient":""},"mobile":{"background-color":"","background-image":"","background-repeat":"repeat","background-position":"center center","background-size":"auto","background-attachment":"scroll","background-type":"","background-media":"","overlay-type":"","overlay-color":"","overlay-opacity":"","overlay-gradient":""}},"ast-content-background-meta":{"desktop":{"background-color":"var(--ast-global-color-5)","background-image":"","background-repeat":"repeat","background-position":"center center","background-size":"auto","background-attachment":"scroll","background-type":"","background-media":"","overlay-type":"","overlay-color":"","overlay-opacity":"","overlay-gradient":""},"tablet":{"background-color":"var(--ast-global-color-5)","background-image":"","background-repeat":"repeat","background-position":"center center","background-size":"auto","background-attachment":"scroll","background-type":"","background-media":"","overlay-type":"","overlay-color":"","overlay-opacity":"","overlay-gradient":""},"mobile":{"background-color":"var(--ast-global-color-5)","background-image":"","background-repeat":"repeat","background-position":"center center","background-size":"auto","background-attachment":"scroll","background-type":"","background-media":"","overlay-type":"","overlay-color":"","overlay-opacity":"","overlay-gradient":""}}},"product_brand":[],"product_cat":[15],"product_tag":[],"class_list":{"0":"post-23007","1":"product","2":"type-product","3":"status-publish","4":"has-post-thumbnail","6":"product_cat-shop","7":"desktop-align-left","8":"tablet-align-left","9":"mobile-align-left","11":"first","12":"instock","13":"taxable","14":"shipping-taxable","15":"purchasable","16":"product-type-simple"},"spectra_custom_meta":{"_visibility":["visible"],"_shopify_product_id":["8186593870072"],"_s2w_shopify_domain":["boarattract.myshopify.com"],"_shopify_variant_id":["44151441785080"],"_sku":["HAWOODPIGEONBAITS"],"_regular_price":["29.90"],"_price":["29.90"],"_sale_price":[""],"_weight":["0.2"],"_thumbnail_id":["23050"],"_global_unique_id":["5056773800601"],"total_sales":["25"],"_tax_status":["taxable"],"_tax_class":[""],"_manage_stock":["no"],"_backorders":["no"],"_sold_individually":["no"],"_virtual":["no"],"_downloadable":["no"],"_download_limit":["-1"],"_download_expiry":["-1"],"_stock":[null],"_stock_status":["instock"],"_wc_average_rating":["4.92"],"_wc_review_count":["49"],"_product_version":["10.5.2"],"_wc_rating_count":["a:2:{i:4;i:4;i:5;i:45;}"],"_edit_lock":["1772740792:1"],"merchant-center-availability":["yes"],"merchant-center-category":["499824"],"merchant-center-id":["HAWPB"],"_edit_last":["1"],"_wp_page_template":["default"],"site-sidebar-layout":["default"],"ast-site-content-layout":["default"],"site-content-style":["default"],"site-sidebar-style":["default"],"theme-transparent-header-meta":["default"],"astra-migrate-meta-layouts":["set"],"_uag_css_file_name":["uag-css-23007.css"],"_elementor_page_assets":["a:0:{}"],"_uag_page_assets":["a:9:{s:3:\"css\";s:7133:\".uag-blocks-common-selector{z-index:var(--z-index-desktop) !important}@media(max-width: 976px){.uag-blocks-common-selector{z-index:var(--z-index-tablet) !important}}@media(max-width: 767px){.uag-blocks-common-selector{z-index:var(--z-index-mobile) !important}}.wp-block-uagb-image{display:flex}.wp-block-uagb-image__figure{position:relative;display:flex;flex-direction:column;max-width:100%;height:auto;margin:0}.wp-block-uagb-image__figure img{height:auto;display:flex;max-width:100%;transition:box-shadow .2s ease}.wp-block-uagb-image__figure>a{display:inline-block}.wp-block-uagb-image__figure figcaption{text-align:center;margin-top:.5em;margin-bottom:1em}.wp-block-uagb-image .components-placeholder.block-editor-media-placeholder .components-placeholder__instructions{align-self:center}.wp-block-uagb-image--align-left{text-align:left}.wp-block-uagb-image--align-right{text-align:right}.wp-block-uagb-image--align-center{text-align:center}.wp-block-uagb-image--align-full .wp-block-uagb-image__figure{margin-left:calc(50% - 50vw);margin-right:calc(50% - 50vw);max-width:100vw;width:100vw;height:auto}.wp-block-uagb-image--align-full .wp-block-uagb-image__figure img{height:auto;width:100% !important}.wp-block-uagb-image--align-wide .wp-block-uagb-image__figure img{height:auto;width:100%}.wp-block-uagb-image--layout-overlay__color-wrapper{position:absolute;left:0;top:0;right:0;bottom:0;opacity:.2;background:rgba(0,0,0,.5);transition:opacity .35s ease-in-out}.wp-block-uagb-image--layout-overlay-link{position:absolute;left:0;right:0;bottom:0;top:0}.wp-block-uagb-image--layout-overlay .wp-block-uagb-image__figure:hover .wp-block-uagb-image--layout-overlay__color-wrapper{opacity:1}.wp-block-uagb-image--layout-overlay__inner{position:absolute;left:15px;right:15px;bottom:15px;top:15px;display:flex;align-items:center;justify-content:center;flex-direction:column;border-color:#fff;transition:.35s ease-in-out}.wp-block-uagb-image--layout-overlay__inner.top-left,.wp-block-uagb-image--layout-overlay__inner.top-center,.wp-block-uagb-image--layout-overlay__inner.top-right{justify-content:flex-start}.wp-block-uagb-image--layout-overlay__inner.bottom-left,.wp-block-uagb-image--layout-overlay__inner.bottom-center,.wp-block-uagb-image--layout-overlay__inner.bottom-right{justify-content:flex-end}.wp-block-uagb-image--layout-overlay__inner.top-left,.wp-block-uagb-image--layout-overlay__inner.center-left,.wp-block-uagb-image--layout-overlay__inner.bottom-left{align-items:flex-start}.wp-block-uagb-image--layout-overlay__inner.top-right,.wp-block-uagb-image--layout-overlay__inner.center-right,.wp-block-uagb-image--layout-overlay__inner.bottom-right{align-items:flex-end}.wp-block-uagb-image--layout-overlay__inner .uagb-image-heading{color:#fff;transition:transform .35s,opacity .35s ease-in-out;transform:translate3d(0, 24px, 0);margin:0;line-height:1em}.wp-block-uagb-image--layout-overlay__inner .uagb-image-separator{width:30%;border-top-width:2px;border-top-color:#fff;border-top-style:solid;margin-bottom:10px;opacity:0;transition:transform .4s,opacity .4s ease-in-out;transform:translate3d(0, 30px, 0)}.wp-block-uagb-image--layout-overlay__inner .uagb-image-caption{opacity:0;overflow:visible;color:#fff;transition:transform .45s,opacity .45s ease-in-out;transform:translate3d(0, 35px, 0)}.wp-block-uagb-image--layout-overlay__inner:hover .uagb-image-heading,.wp-block-uagb-image--layout-overlay__inner:hover .uagb-image-separator,.wp-block-uagb-image--layout-overlay__inner:hover .uagb-image-caption{opacity:1;transform:translate3d(0, 0, 0)}.wp-block-uagb-image--effect-zoomin .wp-block-uagb-image__figure img,.wp-block-uagb-image--effect-zoomin .wp-block-uagb-image__figure .wp-block-uagb-image--layout-overlay__color-wrapper{transform:scale(1);transition:transform .35s ease-in-out}.wp-block-uagb-image--effect-zoomin .wp-block-uagb-image__figure:hover img,.wp-block-uagb-image--effect-zoomin .wp-block-uagb-image__figure:hover .wp-block-uagb-image--layout-overlay__color-wrapper{transform:scale(1.05)}.wp-block-uagb-image--effect-slide .wp-block-uagb-image__figure img,.wp-block-uagb-image--effect-slide .wp-block-uagb-image__figure .wp-block-uagb-image--layout-overlay__color-wrapper{width:calc(100% + 40px) !important;max-width:none !important;transform:translate3d(-40px, 0, 0);transition:transform .35s ease-in-out}.wp-block-uagb-image--effect-slide .wp-block-uagb-image__figure:hover img,.wp-block-uagb-image--effect-slide .wp-block-uagb-image__figure:hover .wp-block-uagb-image--layout-overlay__color-wrapper{transform:translate3d(0, 0, 0)}.wp-block-uagb-image--effect-grayscale img{filter:grayscale(0%);transition:.35s ease-in-out}.wp-block-uagb-image--effect-grayscale:hover img{filter:grayscale(100%)}.wp-block-uagb-image--effect-blur img{filter:blur(0);transition:.35s ease-in-out}.wp-block-uagb-image--effect-blur:hover img{filter:blur(3px)}.uagb-block-e6f939b3.wp-block-uagb-image--layout-default figure img{box-shadow: 0px 0px 0 #00000070;}.uagb-block-e6f939b3.wp-block-uagb-image .wp-block-uagb-image__figure figcaption{font-style: normal;align-self: center;}.uagb-block-e6f939b3.wp-block-uagb-image--layout-overlay figure img{box-shadow: 0px 0px 0 #00000070;}.uagb-block-e6f939b3.wp-block-uagb-image--layout-overlay .wp-block-uagb-image--layout-overlay__color-wrapper{opacity: 0.2;}.uagb-block-e6f939b3.wp-block-uagb-image--layout-overlay .wp-block-uagb-image--layout-overlay__inner{left: 15px;right: 15px;top: 15px;bottom: 15px;}.uagb-block-e6f939b3.wp-block-uagb-image--layout-overlay .wp-block-uagb-image--layout-overlay__inner .uagb-image-heading{font-style: normal;color: #fff;opacity: 1;}.uagb-block-e6f939b3.wp-block-uagb-image--layout-overlay .wp-block-uagb-image--layout-overlay__inner .uagb-image-heading a{color: #fff;}.uagb-block-e6f939b3.wp-block-uagb-image--layout-overlay .wp-block-uagb-image--layout-overlay__inner .uagb-image-caption{opacity: 0;}.uagb-block-e6f939b3.wp-block-uagb-image--layout-overlay .wp-block-uagb-image__figure:hover .wp-block-uagb-image--layout-overlay__color-wrapper{opacity: 1;}.uagb-block-e6f939b3.wp-block-uagb-image .wp-block-uagb-image--layout-overlay__inner .uagb-image-separator{width: 30%;border-top-width: 2px;border-top-color: #fff;opacity: 0;}.uagb-block-e6f939b3.wp-block-uagb-image .wp-block-uagb-image__figure img{width: px;height: auto;}.uagb-block-e6f939b3.wp-block-uagb-image .wp-block-uagb-image__figure:hover .wp-block-uagb-image--layout-overlay__inner .uagb-image-caption{opacity: 1;}.uagb-block-e6f939b3.wp-block-uagb-image .wp-block-uagb-image__figure:hover .wp-block-uagb-image--layout-overlay__inner .uagb-image-separator{opacity: 1;}.uagb-block-e6f939b3.wp-block-uagb-image--layout-default figure:hover img{box-shadow: 0px 0px 0 #00000070;}.uagb-block-e6f939b3.wp-block-uagb-image--layout-overlay figure:hover img{box-shadow: 0px 0px 0 #00000070;}@media only screen and (max-width: 976px) {.uagb-block-e6f939b3.wp-block-uagb-image .wp-block-uagb-image__figure img{width: px;height: auto;}}@media only screen and (max-width: 767px) {.uagb-block-e6f939b3.wp-block-uagb-image .wp-block-uagb-image__figure img{width: px;height: auto;}}\";s:2:\"js\";s:0:\"\";s:18:\"current_block_list\";a:13:{i:0;s:11:\"core\/search\";i:1;s:10:\"core\/group\";i:2;s:12:\"core\/heading\";i:3;s:17:\"core\/latest-posts\";i:4;s:20:\"core\/latest-comments\";i:5;s:13:\"core\/archives\";i:6;s:15:\"core\/categories\";i:7;s:14:\"core\/paragraph\";i:8;s:10:\"uagb\/image\";i:9;s:11:\"core\/spacer\";i:10;s:30:\"woocommerce\/product-categories\";i:11;s:10:\"core\/image\";i:12;s:14:\"core\/shortcode\";}s:8:\"uag_flag\";b:1;s:11:\"uag_version\";s:10:\"1777848800\";s:6:\"gfonts\";a:0:{}s:10:\"gfonts_url\";s:0:\"\";s:12:\"gfonts_files\";a:0:{}s:14:\"uag_faq_layout\";b:0;}"]},"uagb_featured_image_src":{"full":["https:\/\/www.huntattract.com\/wp-content\/uploads\/2025\/06\/WOOD-PIGEON_HuntAttract_sur_1000.png",1000,1000,false],"thumbnail":["https:\/\/www.huntattract.com\/wp-content\/uploads\/2025\/06\/WOOD-PIGEON_HuntAttract_sur_1000-150x150.png",150,150,true],"medium":["https:\/\/www.huntattract.com\/wp-content\/uploads\/2025\/06\/WOOD-PIGEON_HuntAttract_sur_1000-300x300.png",300,300,true],"medium_large":["https:\/\/www.huntattract.com\/wp-content\/uploads\/2025\/06\/WOOD-PIGEON_HuntAttract_sur_1000-768x768.png",768,768,true],"large":["https:\/\/www.huntattract.com\/wp-content\/uploads\/2025\/06\/WOOD-PIGEON_HuntAttract_sur_1000.png",1000,1000,false],"1536x1536":["https:\/\/www.huntattract.com\/wp-content\/uploads\/2025\/06\/WOOD-PIGEON_HuntAttract_sur_1000.png",1000,1000,false],"2048x2048":["https:\/\/www.huntattract.com\/wp-content\/uploads\/2025\/06\/WOOD-PIGEON_HuntAttract_sur_1000.png",1000,1000,false],"trp-custom-language-flag":["https:\/\/www.huntattract.com\/wp-content\/uploads\/2025\/06\/WOOD-PIGEON_HuntAttract_sur_1000-12x12.png",12,12,true],"woocommerce_thumbnail":["https:\/\/www.huntattract.com\/wp-content\/uploads\/2025\/06\/WOOD-PIGEON_HuntAttract_sur_1000-300x300.png",300,300,true],"woocommerce_single":["https:\/\/www.huntattract.com\/wp-content\/uploads\/2025\/06\/WOOD-PIGEON_HuntAttract_sur_1000-600x600.png",600,600,true],"woocommerce_gallery_thumbnail":["https:\/\/www.huntattract.com\/wp-content\/uploads\/2025\/06\/WOOD-PIGEON_HuntAttract_sur_1000-100x100.png",100,100,true]},"uagb_author_info":{"display_name":"admin","author_link":"https:\/\/www.huntattract.com\/lt\/author\/"},"uagb_comment_info":49,"uagb_excerpt":"Exceptional effectiveness in attracting wood pigeons rapidly and naturally. Our wood pigeon attractant has been specifically formulated to stimulate feeding instinct, flocking behavior, and landing confidence, making it the most effective hunting attractant available. Developed through extensive field testing in agricultural land, stubble fields, woodland edges, and open countryside, the scent composition is carefully balanced&hellip;","_links":{"self":[{"href":"https:\/\/www.huntattract.com\/lt\/wp-json\/wp\/v2\/product\/23007","targetHints":{"allow":["GET"]}}],"collection":[{"href":"https:\/\/www.huntattract.com\/lt\/wp-json\/wp\/v2\/product"}],"about":[{"href":"https:\/\/www.huntattract.com\/lt\/wp-json\/wp\/v2\/types\/product"}],"replies":[{"embeddable":true,"href":"https:\/\/www.huntattract.com\/lt\/wp-json\/wp\/v2\/comments?post=23007"}],"version-history":[{"count":5,"href":"https:\/\/www.huntattract.com\/lt\/wp-json\/wp\/v2\/product\/23007\/revisions"}],"predecessor-version":[{"id":24093,"href":"https:\/\/www.huntattract.com\/lt\/wp-json\/wp\/v2\/product\/23007\/revisions\/24093"}],"wp:featuredmedia":[{"embeddable":true,"href":"https:\/\/www.huntattract.com\/lt\/wp-json\/wp\/v2\/media\/23050"}],"wp:attachment":[{"href":"https:\/\/www.huntattract.com\/lt\/wp-json\/wp\/v2\/media?parent=23007"}],"wp:term":[{"taxonomy":"product_brand","embeddable":true,"href":"https:\/\/www.huntattract.com\/lt\/wp-json\/wp\/v2\/product_brand?post=23007"},{"taxonomy":"product_cat","embeddable":true,"href":"https:\/\/www.huntattract.com\/lt\/wp-json\/wp\/v2\/product_cat?post=23007"},{"taxonomy":"product_tag","embeddable":true,"href":"https:\/\/www.huntattract.com\/lt\/wp-json\/wp\/v2\/product_tag?post=23007"}],"curies":[{"name":"wp","href":"https:\/\/api.w.org\/{rel}","templated":true}]}}