{"id":23005,"date":"2025-06-11T16:48:45","date_gmt":"2025-06-11T14:48:45","guid":{"rendered":"https:\/\/www.huntattract.com\/products\/wild-boar-attractant-500-baits\/"},"modified":"2026-02-28T15:47:13","modified_gmt":"2026-02-28T14:47:13","slug":"wild-boar-attractant-500-baits","status":"publish","type":"product","link":"https:\/\/www.huntattract.com\/ee\/products\/wild-boar-attractant-500-baits\/","title":{"rendered":"Jahis\u00f6\u00f6dad metssigadele (500 tk)"},"content":{"rendered":"<p><strong><img decoding=\"async\" style=\"margin-right: 12px;\" src=\"https:\/\/www.huntattract.com\/wp-content\/uploads\/2026\/02\/Check.svg\" alt=\"\" width=\"18\" height=\"15\" \/>V\u00f5rratu t\u00f5husus metssigade ligimeelitamisel t\u00e4psuse ja j\u00e4rjepidevusega.<\/strong> Meie metssigade meelitusvahend on spetsiaalselt v\u00e4lja t\u00f6\u00f6tatud, et stimuleerida s\u00f6\u00f6mishimu, territoriaalset instinkti ja uurimisk\u00e4itumist, muutes selle k\u00f5ige t\u00f5husamaks jahimehe meelitusvahendiks. L\u00f5hna koostis, mis on v\u00e4lja t\u00f6\u00f6tatud ulatuslikel v\u00e4liuuringutel metsades, p\u00f5llumajanduspiirkondades ja segamaastikul, on loodud nii, et see levib t\u00f5husalt ja kutsub esile tugeva uurimisreaktsiooni isegi k\u00fcpsete ja ettevaatlike loomade puhul.<\/p>\n<p><strong><img decoding=\"async\" style=\"margin-right: 12px;\" src=\"https:\/\/www.huntattract.com\/wp-content\/uploads\/2026\/02\/Check.svg\" alt=\"\" width=\"18\" height=\"15\" \/>Odavaim metssigade meelitaja turul, ilma et see kahjustaks tulemuslikkust.<\/strong> Pakume uhkusega madalaimat hinda, s\u00e4ilitades samal ajal ranged tootmisstandardid ja kvaliteetsed koostisosad. Kuna igas pakendis on 500 kasutusvalmis s\u00f6\u00f6ta, saate erakordse katvuse ja professionaalse taseme t\u00f5hususe hinnaga, mis on endiselt \u00fcletamatu.<\/p>\n<p><strong><img decoding=\"async\" style=\"margin-right: 12px;\" src=\"https:\/\/www.huntattract.com\/wp-content\/uploads\/2026\/02\/Check.svg\" alt=\"\" width=\"18\" height=\"15\" \/>Raha tagasi garantii t\u00e4ieliku rahulolu tagamiseks.<\/strong> Me seisame t\u00e4ielikult oma toote taga. Kui te ei ole rahul meie metssigade meelitusvahendi tulemustega, tagastame teile raha. Meie raha tagasi garantii tagab, et teie ost on t\u00e4iesti riskivaba ja toetab meie usaldust selle tulemuslikkuse suhtes.<\/p>\n<p><strong><img decoding=\"async\" style=\"margin-right: 12px;\" src=\"https:\/\/www.huntattract.com\/wp-content\/uploads\/2026\/02\/Check.svg\" alt=\"\" width=\"18\" height=\"15\" \/>24-tunnine tarne, et hoida teid alati valmis.<\/strong> Metssea aktiivsus v\u00f5ib kiiresti muutuda s\u00f5ltuvalt toidu k\u00e4ttesaadavusest ja aastaajast. Seep\u00e4rast pakume alati 24-tunnist tarnet, mis tagab, et teie 500 s\u00f6\u00f6tu j\u00f5uavad kiiresti kohale, nii et saate viivitamatult valmistada ette s\u00f6\u00f6daplatsid ja jahipositsioonid.<\/p>\n<p><strong><img decoding=\"async\" style=\"margin-right: 12px;\" src=\"https:\/\/www.huntattract.com\/wp-content\/uploads\/2026\/02\/Check.svg\" alt=\"\" width=\"18\" height=\"15\" \/>Laiaulatuslik territoriaalne katvus 500 suure t\u00f5hususega s\u00f6\u00f6daga.<\/strong> Iga pakend sisaldab 500 \u00fcksikut s\u00f6\u00f6ta, mis v\u00f5imaldab luua mitmeid meelitusv\u00f6\u00f6ndeid metsades, s\u00f6\u00f6dakohtades, radadel ja p\u00f5llukultuuride servades. Selline suur kogus tagab strateegilise paindlikkuse ja pikaajalise toetuse kogu jahihooaja jooksul.<\/p>\n<p><strong><img decoding=\"async\" style=\"margin-right: 12px;\" src=\"https:\/\/www.huntattract.com\/wp-content\/uploads\/2026\/02\/Check.svg\" alt=\"\" width=\"18\" height=\"15\" \/>Spetsiaalselt metssigade jahipidamiseks m\u00f5eldud.<\/strong> Erinevalt \u00fcldistest metsloomade l\u00f5hnaainetest on see ahvatlusaine s\u00f5nastatud \u00fcksnes metssigade k\u00e4itumismustrite jaoks. L\u00f5hnaprofiil peegeldab looduslikke toitumisj\u00e4lgi ja territoriaalm\u00e4rke, julgustades enesekindlat l\u00e4henemist ja korduvaid k\u00fclastusi.<\/p>\n<p><strong><img decoding=\"async\" style=\"margin-right: 12px;\" src=\"https:\/\/www.huntattract.com\/wp-content\/uploads\/2026\/02\/Check.svg\" alt=\"\" width=\"18\" height=\"15\" \/>Pikaajaline kontrollitud l\u00f5hna hajutamine.<\/strong> Iga s\u00f6\u00f6t on varustatud j\u00e4rk-j\u00e4rgult vabaneva s\u00fcsteemiga, mis s\u00e4ilitab stabiilse ja v\u00f5imsa l\u00f5hna olemasolu mitme p\u00e4eva jooksul. See v\u00e4hendab pideva asendamise vajadust, tagades samas pideva atraktiivsuse.<\/p>\n<p><strong><img decoding=\"async\" style=\"margin-right: 12px;\" src=\"https:\/\/www.huntattract.com\/wp-content\/uploads\/2026\/02\/Check.svg\" alt=\"\" width=\"18\" height=\"15\" \/>Usaldusv\u00e4\u00e4rne toimimine erinevates ja keerulistes keskkondades.<\/strong> Olenemata sellest, kas seda kasutatakse tihedas metsas, mudases s\u00f6\u00f6damaastikus, p\u00f5llup\u00f5ldudel v\u00f5i \u00fclemineku elupaikades, s\u00e4ilitab see preparaat oma toime vaatamata m\u00f5\u00f5dukale vihmale, tuulele v\u00f5i temperatuurik\u00f5ikumistele.<\/p>\n<p><strong><img decoding=\"async\" style=\"margin-right: 12px;\" src=\"https:\/\/www.huntattract.com\/wp-content\/uploads\/2026\/02\/Check.svg\" alt=\"\" width=\"18\" height=\"15\" \/>Lihtne ja diskreetne paigutus t\u00f5husaks seadistamiseks.<\/strong> Kompaktne s\u00f6\u00f6da formaat v\u00f5imaldab h\u00f5lpsasti paigutada s\u00f6\u00f6da juurdekasvualade \u00e4\u00e4rde, veev\u00f5tukohtade l\u00e4hedusse, ulukiradade \u00e4\u00e4rde v\u00f5i jahiplatside l\u00e4hedusse. See sulandub loomulikult maastikku, ilma et see h\u00e4iriks loomade mustreid.<\/p>\n<p><strong><img decoding=\"async\" style=\"margin-right: 12px;\" src=\"https:\/\/www.huntattract.com\/wp-content\/uploads\/2026\/02\/Check.svg\" alt=\"\" width=\"18\" height=\"15\" \/>Kogenud jahimeeste poolt testitud professionaalne koostis.<\/strong> See ahvatlusaine, mis on v\u00e4lja t\u00f6\u00f6tatud kogenud jahimeeste panusega, peegeldab tegelikke n\u00f5udmisi. Selle l\u00f5hna intensiivsus ja levikukiirus on optimeeritud, et suurendada uurimise aega ja parandada positsioneerimisv\u00f5imalusi.<\/p>\n<h2><strong>Juhised<\/strong><\/h2>\n<ul>\n<li>Tuvastage aktiivsed metssigade alad, nagu toitumisalad, juurdekasvukohad, veev\u00f5tukohad, metsarajad ja p\u00f5llukultuuride servad.<\/li>\n<li>Paigaldage \u00fcks s\u00f6\u00f6t umbes iga 10-20 meetri tagant piki v\u00e4ljakujunenud liikumisteid, et luua j\u00e4rjepidev l\u00f5hnakoridor.<\/li>\n<li>Strateegilistes jahipositsioonides, n\u00e4iteks k\u00fcttimiskohtade v\u00f5i s\u00f6\u00f6dakohtade l\u00e4heduses, paigutage kaks kuni neli s\u00f6\u00f6ta, et intensiivistada l\u00f5hnakontsentratsiooni.<\/li>\n<li>Iga s\u00f6\u00f6t on kasutusvalmis ja seda ei tohi avada ega muuta. H\u00fclss reguleerib j\u00e4rk-j\u00e4rgulist l\u00f5hna vabanemist automaatselt.<\/li>\n<li>Soovitatav annustamine on \u00fcks s\u00f6\u00f6t konkreetse aktiivsuspunkti kohta, kohandades arvu vastavalt territooriumi suurusele ja asustustihedusele. Suuremate toitumisalade puhul v\u00f5ib optimaalseks katmiseks olla vaja t\u00e4iendavaid s\u00f6\u00f6tasid.<\/li>\n<li>Niisketes v\u00f5i mudastes tingimustes asetage s\u00f6\u00f6dad veidi k\u00f5rgemale looduslikele tugedele, et s\u00e4ilitada t\u00f5hus l\u00f5hna hajumine.<\/li>\n<li>Maksimaalse t\u00f5hususe saavutamiseks vahetage s\u00f6\u00f6dad iga 5-7 p\u00e4eva tagant v\u00f5i varem, kui tugev vihmasadu v\u00e4hendab m\u00e4rkimisv\u00e4\u00e4rselt l\u00f5hna intensiivsust.<\/li>\n<li>Kandke k\u00e4sitsemisel alati kindaid, et v\u00e4ltida saastumist inimese l\u00f5hnaga.<\/li>\n<li>S\u00e4ilitage kasutamata s\u00f6\u00f6ta jahedas ja kuivas kohas, eemal otsesest p\u00e4ikesevalgusest, tagades, et konteiner j\u00e4\u00e4b kasutamise vahel tihedalt suletuks.<\/li>\n<li>Kasutage seda rangelt vastavalt kohalikele jahipidamiseeskirjadele, hooajalistele piirangutele ja teie piirkonnas kehtivatele metsloomade majandamise seadustele.<\/li>\n<\/ul>","protected":false},"excerpt":{"rendered":"<p>Unmatched effectiveness in attracting wild boar with precision and consistency. Our wild boar attractant has been specifically engineered to stimulate feeding drive, territorial instinct, and exploratory behavior, making it the most effective hunting attractant available. Developed through extensive field testing in forests, agricultural zones, and mixed terrain, the scent composition is designed to travel efficiently [&hellip;]<\/p>\n","protected":false},"featured_media":23048,"comment_status":"open","ping_status":"closed","template":"","meta":{"_uag_custom_page_level_css":"","site-sidebar-layout":"default","site-content-layout":"","ast-site-content-layout":"default","site-content-style":"default","site-sidebar-style":"default","ast-global-header-display":"","ast-banner-title-visibility":"","ast-main-header-display":"","ast-hfb-above-header-display":"","ast-hfb-below-header-display":"","ast-hfb-mobile-header-display":"","site-post-title":"","ast-breadcrumbs-content":"","ast-featured-img":"","footer-sml-layout":"","ast-disable-related-posts":"","theme-transparent-header-meta":"default","adv-header-id-meta":"","stick-header-meta":"","header-above-stick-meta":"","header-main-stick-meta":"","header-below-stick-meta":"","astra-migrate-meta-layouts":"set","ast-page-background-enabled":"default","ast-page-background-meta":{"desktop":{"background-color":"var(--ast-global-color-4)","background-image":"","background-repeat":"repeat","background-position":"center center","background-size":"auto","background-attachment":"scroll","background-type":"","background-media":"","overlay-type":"","overlay-color":"","overlay-opacity":"","overlay-gradient":""},"tablet":{"background-color":"","background-image":"","background-repeat":"repeat","background-position":"center center","background-size":"auto","background-attachment":"scroll","background-type":"","background-media":"","overlay-type":"","overlay-color":"","overlay-opacity":"","overlay-gradient":""},"mobile":{"background-color":"","background-image":"","background-repeat":"repeat","background-position":"center center","background-size":"auto","background-attachment":"scroll","background-type":"","background-media":"","overlay-type":"","overlay-color":"","overlay-opacity":"","overlay-gradient":""}},"ast-content-background-meta":{"desktop":{"background-color":"var(--ast-global-color-5)","background-image":"","background-repeat":"repeat","background-position":"center center","background-size":"auto","background-attachment":"scroll","background-type":"","background-media":"","overlay-type":"","overlay-color":"","overlay-opacity":"","overlay-gradient":""},"tablet":{"background-color":"var(--ast-global-color-5)","background-image":"","background-repeat":"repeat","background-position":"center center","background-size":"auto","background-attachment":"scroll","background-type":"","background-media":"","overlay-type":"","overlay-color":"","overlay-opacity":"","overlay-gradient":""},"mobile":{"background-color":"var(--ast-global-color-5)","background-image":"","background-repeat":"repeat","background-position":"center center","background-size":"auto","background-attachment":"scroll","background-type":"","background-media":"","overlay-type":"","overlay-color":"","overlay-opacity":"","overlay-gradient":""}}},"product_brand":[],"product_cat":[15],"product_tag":[],"class_list":{"0":"post-23005","1":"product","2":"type-product","3":"status-publish","4":"has-post-thumbnail","6":"product_cat-shop","7":"desktop-align-left","8":"tablet-align-left","9":"mobile-align-left","11":"first","12":"instock","13":"taxable","14":"shipping-taxable","15":"purchasable","16":"product-type-simple"},"spectra_custom_meta":{"_visibility":["visible"],"_shopify_product_id":["8186593837304"],"_s2w_shopify_domain":["boarattract.myshopify.com"],"_shopify_variant_id":["44151441752312"],"_sku":["HABOARBAITS"],"_regular_price":["29.90"],"_price":["29.90"],"_sale_price":[""],"_weight":["0.2"],"_thumbnail_id":["23048"],"_global_unique_id":["5056773800519"],"total_sales":["87"],"_tax_status":["taxable"],"_tax_class":[""],"_manage_stock":["no"],"_backorders":["no"],"_sold_individually":["no"],"_virtual":["no"],"_downloadable":["no"],"_download_limit":["-1"],"_download_expiry":["-1"],"_stock":[null],"_stock_status":["instock"],"_wc_average_rating":["4.92"],"_wc_review_count":["98"],"_product_version":["10.5.2"],"_wc_rating_count":["a:2:{i:4;i:8;i:5;i:90;}"],"_edit_lock":["1772289982:1"],"merchant-center-availability":["yes"],"merchant-center-category":["8011"],"merchant-center-id":["HABB"],"_edit_last":["1"],"_wp_page_template":["default"],"site-sidebar-layout":["default"],"ast-site-content-layout":["default"],"site-content-style":["default"],"site-sidebar-style":["default"],"theme-transparent-header-meta":["default"],"astra-migrate-meta-layouts":["set"],"_uag_css_file_name":["uag-css-23005.css"],"_elementor_page_assets":["a:0:{}"],"_uag_page_assets":["a:9:{s:3:\"css\";s:7133:\".uag-blocks-common-selector{z-index:var(--z-index-desktop) !important}@media(max-width: 976px){.uag-blocks-common-selector{z-index:var(--z-index-tablet) !important}}@media(max-width: 767px){.uag-blocks-common-selector{z-index:var(--z-index-mobile) !important}}.wp-block-uagb-image{display:flex}.wp-block-uagb-image__figure{position:relative;display:flex;flex-direction:column;max-width:100%;height:auto;margin:0}.wp-block-uagb-image__figure img{height:auto;display:flex;max-width:100%;transition:box-shadow .2s ease}.wp-block-uagb-image__figure>a{display:inline-block}.wp-block-uagb-image__figure figcaption{text-align:center;margin-top:.5em;margin-bottom:1em}.wp-block-uagb-image .components-placeholder.block-editor-media-placeholder .components-placeholder__instructions{align-self:center}.wp-block-uagb-image--align-left{text-align:left}.wp-block-uagb-image--align-right{text-align:right}.wp-block-uagb-image--align-center{text-align:center}.wp-block-uagb-image--align-full .wp-block-uagb-image__figure{margin-left:calc(50% - 50vw);margin-right:calc(50% - 50vw);max-width:100vw;width:100vw;height:auto}.wp-block-uagb-image--align-full .wp-block-uagb-image__figure img{height:auto;width:100% !important}.wp-block-uagb-image--align-wide .wp-block-uagb-image__figure img{height:auto;width:100%}.wp-block-uagb-image--layout-overlay__color-wrapper{position:absolute;left:0;top:0;right:0;bottom:0;opacity:.2;background:rgba(0,0,0,.5);transition:opacity .35s ease-in-out}.wp-block-uagb-image--layout-overlay-link{position:absolute;left:0;right:0;bottom:0;top:0}.wp-block-uagb-image--layout-overlay .wp-block-uagb-image__figure:hover .wp-block-uagb-image--layout-overlay__color-wrapper{opacity:1}.wp-block-uagb-image--layout-overlay__inner{position:absolute;left:15px;right:15px;bottom:15px;top:15px;display:flex;align-items:center;justify-content:center;flex-direction:column;border-color:#fff;transition:.35s ease-in-out}.wp-block-uagb-image--layout-overlay__inner.top-left,.wp-block-uagb-image--layout-overlay__inner.top-center,.wp-block-uagb-image--layout-overlay__inner.top-right{justify-content:flex-start}.wp-block-uagb-image--layout-overlay__inner.bottom-left,.wp-block-uagb-image--layout-overlay__inner.bottom-center,.wp-block-uagb-image--layout-overlay__inner.bottom-right{justify-content:flex-end}.wp-block-uagb-image--layout-overlay__inner.top-left,.wp-block-uagb-image--layout-overlay__inner.center-left,.wp-block-uagb-image--layout-overlay__inner.bottom-left{align-items:flex-start}.wp-block-uagb-image--layout-overlay__inner.top-right,.wp-block-uagb-image--layout-overlay__inner.center-right,.wp-block-uagb-image--layout-overlay__inner.bottom-right{align-items:flex-end}.wp-block-uagb-image--layout-overlay__inner .uagb-image-heading{color:#fff;transition:transform .35s,opacity .35s ease-in-out;transform:translate3d(0, 24px, 0);margin:0;line-height:1em}.wp-block-uagb-image--layout-overlay__inner .uagb-image-separator{width:30%;border-top-width:2px;border-top-color:#fff;border-top-style:solid;margin-bottom:10px;opacity:0;transition:transform .4s,opacity .4s ease-in-out;transform:translate3d(0, 30px, 0)}.wp-block-uagb-image--layout-overlay__inner .uagb-image-caption{opacity:0;overflow:visible;color:#fff;transition:transform .45s,opacity .45s ease-in-out;transform:translate3d(0, 35px, 0)}.wp-block-uagb-image--layout-overlay__inner:hover .uagb-image-heading,.wp-block-uagb-image--layout-overlay__inner:hover .uagb-image-separator,.wp-block-uagb-image--layout-overlay__inner:hover .uagb-image-caption{opacity:1;transform:translate3d(0, 0, 0)}.wp-block-uagb-image--effect-zoomin .wp-block-uagb-image__figure img,.wp-block-uagb-image--effect-zoomin .wp-block-uagb-image__figure .wp-block-uagb-image--layout-overlay__color-wrapper{transform:scale(1);transition:transform .35s ease-in-out}.wp-block-uagb-image--effect-zoomin .wp-block-uagb-image__figure:hover img,.wp-block-uagb-image--effect-zoomin .wp-block-uagb-image__figure:hover .wp-block-uagb-image--layout-overlay__color-wrapper{transform:scale(1.05)}.wp-block-uagb-image--effect-slide .wp-block-uagb-image__figure img,.wp-block-uagb-image--effect-slide .wp-block-uagb-image__figure .wp-block-uagb-image--layout-overlay__color-wrapper{width:calc(100% + 40px) !important;max-width:none !important;transform:translate3d(-40px, 0, 0);transition:transform .35s ease-in-out}.wp-block-uagb-image--effect-slide .wp-block-uagb-image__figure:hover img,.wp-block-uagb-image--effect-slide .wp-block-uagb-image__figure:hover .wp-block-uagb-image--layout-overlay__color-wrapper{transform:translate3d(0, 0, 0)}.wp-block-uagb-image--effect-grayscale img{filter:grayscale(0%);transition:.35s ease-in-out}.wp-block-uagb-image--effect-grayscale:hover img{filter:grayscale(100%)}.wp-block-uagb-image--effect-blur img{filter:blur(0);transition:.35s ease-in-out}.wp-block-uagb-image--effect-blur:hover img{filter:blur(3px)}.uagb-block-e6f939b3.wp-block-uagb-image--layout-default figure img{box-shadow: 0px 0px 0 #00000070;}.uagb-block-e6f939b3.wp-block-uagb-image .wp-block-uagb-image__figure figcaption{font-style: normal;align-self: center;}.uagb-block-e6f939b3.wp-block-uagb-image--layout-overlay figure img{box-shadow: 0px 0px 0 #00000070;}.uagb-block-e6f939b3.wp-block-uagb-image--layout-overlay .wp-block-uagb-image--layout-overlay__color-wrapper{opacity: 0.2;}.uagb-block-e6f939b3.wp-block-uagb-image--layout-overlay .wp-block-uagb-image--layout-overlay__inner{left: 15px;right: 15px;top: 15px;bottom: 15px;}.uagb-block-e6f939b3.wp-block-uagb-image--layout-overlay .wp-block-uagb-image--layout-overlay__inner .uagb-image-heading{font-style: normal;color: #fff;opacity: 1;}.uagb-block-e6f939b3.wp-block-uagb-image--layout-overlay .wp-block-uagb-image--layout-overlay__inner .uagb-image-heading a{color: #fff;}.uagb-block-e6f939b3.wp-block-uagb-image--layout-overlay .wp-block-uagb-image--layout-overlay__inner .uagb-image-caption{opacity: 0;}.uagb-block-e6f939b3.wp-block-uagb-image--layout-overlay .wp-block-uagb-image__figure:hover .wp-block-uagb-image--layout-overlay__color-wrapper{opacity: 1;}.uagb-block-e6f939b3.wp-block-uagb-image .wp-block-uagb-image--layout-overlay__inner .uagb-image-separator{width: 30%;border-top-width: 2px;border-top-color: #fff;opacity: 0;}.uagb-block-e6f939b3.wp-block-uagb-image .wp-block-uagb-image__figure img{width: px;height: auto;}.uagb-block-e6f939b3.wp-block-uagb-image .wp-block-uagb-image__figure:hover .wp-block-uagb-image--layout-overlay__inner .uagb-image-caption{opacity: 1;}.uagb-block-e6f939b3.wp-block-uagb-image .wp-block-uagb-image__figure:hover .wp-block-uagb-image--layout-overlay__inner .uagb-image-separator{opacity: 1;}.uagb-block-e6f939b3.wp-block-uagb-image--layout-default figure:hover img{box-shadow: 0px 0px 0 #00000070;}.uagb-block-e6f939b3.wp-block-uagb-image--layout-overlay figure:hover img{box-shadow: 0px 0px 0 #00000070;}@media only screen and (max-width: 976px) {.uagb-block-e6f939b3.wp-block-uagb-image .wp-block-uagb-image__figure img{width: px;height: auto;}}@media only screen and (max-width: 767px) {.uagb-block-e6f939b3.wp-block-uagb-image .wp-block-uagb-image__figure img{width: px;height: auto;}}\";s:2:\"js\";s:0:\"\";s:18:\"current_block_list\";a:13:{i:0;s:11:\"core\/search\";i:1;s:10:\"core\/group\";i:2;s:12:\"core\/heading\";i:3;s:17:\"core\/latest-posts\";i:4;s:20:\"core\/latest-comments\";i:5;s:13:\"core\/archives\";i:6;s:15:\"core\/categories\";i:7;s:14:\"core\/paragraph\";i:8;s:10:\"uagb\/image\";i:9;s:11:\"core\/spacer\";i:10;s:30:\"woocommerce\/product-categories\";i:11;s:10:\"core\/image\";i:12;s:14:\"core\/shortcode\";}s:8:\"uag_flag\";b:1;s:11:\"uag_version\";s:10:\"1777867382\";s:6:\"gfonts\";a:0:{}s:10:\"gfonts_url\";s:0:\"\";s:12:\"gfonts_files\";a:0:{}s:14:\"uag_faq_layout\";b:0;}"]},"uagb_featured_image_src":{"full":["https:\/\/www.huntattract.com\/wp-content\/uploads\/2025\/06\/BOAR_HuntAttract_sur_1000.png",1000,1000,false],"thumbnail":["https:\/\/www.huntattract.com\/wp-content\/uploads\/2025\/06\/BOAR_HuntAttract_sur_1000-150x150.png",150,150,true],"medium":["https:\/\/www.huntattract.com\/wp-content\/uploads\/2025\/06\/BOAR_HuntAttract_sur_1000-300x300.png",300,300,true],"medium_large":["https:\/\/www.huntattract.com\/wp-content\/uploads\/2025\/06\/BOAR_HuntAttract_sur_1000-768x768.png",768,768,true],"large":["https:\/\/www.huntattract.com\/wp-content\/uploads\/2025\/06\/BOAR_HuntAttract_sur_1000.png",1000,1000,false],"1536x1536":["https:\/\/www.huntattract.com\/wp-content\/uploads\/2025\/06\/BOAR_HuntAttract_sur_1000.png",1000,1000,false],"2048x2048":["https:\/\/www.huntattract.com\/wp-content\/uploads\/2025\/06\/BOAR_HuntAttract_sur_1000.png",1000,1000,false],"trp-custom-language-flag":["https:\/\/www.huntattract.com\/wp-content\/uploads\/2025\/06\/BOAR_HuntAttract_sur_1000-12x12.png",12,12,true],"woocommerce_thumbnail":["https:\/\/www.huntattract.com\/wp-content\/uploads\/2025\/06\/BOAR_HuntAttract_sur_1000-300x300.png",300,300,true],"woocommerce_single":["https:\/\/www.huntattract.com\/wp-content\/uploads\/2025\/06\/BOAR_HuntAttract_sur_1000-600x600.png",600,600,true],"woocommerce_gallery_thumbnail":["https:\/\/www.huntattract.com\/wp-content\/uploads\/2025\/06\/BOAR_HuntAttract_sur_1000-100x100.png",100,100,true]},"uagb_author_info":{"display_name":"admin","author_link":"https:\/\/www.huntattract.com\/ee\/author\/"},"uagb_comment_info":98,"uagb_excerpt":"Unmatched effectiveness in attracting wild boar with precision and consistency. Our wild boar attractant has been specifically engineered to stimulate feeding drive, territorial instinct, and exploratory behavior, making it the most effective hunting attractant available. Developed through extensive field testing in forests, agricultural zones, and mixed terrain, the scent composition is designed to travel efficiently&hellip;","_links":{"self":[{"href":"https:\/\/www.huntattract.com\/ee\/wp-json\/wp\/v2\/product\/23005","targetHints":{"allow":["GET"]}}],"collection":[{"href":"https:\/\/www.huntattract.com\/ee\/wp-json\/wp\/v2\/product"}],"about":[{"href":"https:\/\/www.huntattract.com\/ee\/wp-json\/wp\/v2\/types\/product"}],"replies":[{"embeddable":true,"href":"https:\/\/www.huntattract.com\/ee\/wp-json\/wp\/v2\/comments?post=23005"}],"version-history":[{"count":5,"href":"https:\/\/www.huntattract.com\/ee\/wp-json\/wp\/v2\/product\/23005\/revisions"}],"predecessor-version":[{"id":24092,"href":"https:\/\/www.huntattract.com\/ee\/wp-json\/wp\/v2\/product\/23005\/revisions\/24092"}],"wp:featuredmedia":[{"embeddable":true,"href":"https:\/\/www.huntattract.com\/ee\/wp-json\/wp\/v2\/media\/23048"}],"wp:attachment":[{"href":"https:\/\/www.huntattract.com\/ee\/wp-json\/wp\/v2\/media?parent=23005"}],"wp:term":[{"taxonomy":"product_brand","embeddable":true,"href":"https:\/\/www.huntattract.com\/ee\/wp-json\/wp\/v2\/product_brand?post=23005"},{"taxonomy":"product_cat","embeddable":true,"href":"https:\/\/www.huntattract.com\/ee\/wp-json\/wp\/v2\/product_cat?post=23005"},{"taxonomy":"product_tag","embeddable":true,"href":"https:\/\/www.huntattract.com\/ee\/wp-json\/wp\/v2\/product_tag?post=23005"}],"curies":[{"name":"wp","href":"https:\/\/api.w.org\/{rel}","templated":true}]}}