{"id":22991,"date":"2025-06-11T16:48:33","date_gmt":"2025-06-11T14:48:33","guid":{"rendered":"https:\/\/www.huntattract.com\/products\/castor-attractant-500-baits\/"},"modified":"2026-02-28T15:42:32","modified_gmt":"2026-02-28T14:42:32","slug":"castor-attractant-500-baits","status":"publish","type":"product","link":"https:\/\/www.huntattract.com\/ee\/products\/castor-attractant-500-baits\/","title":{"rendered":"Jahis\u00f6\u00f6dad kobrasele ja koerale (500 pakend)"},"content":{"rendered":"<p><strong><img decoding=\"async\" style=\"margin-right: 12px;\" src=\"https:\/\/www.huntattract.com\/wp-content\/uploads\/2026\/02\/Check.svg\" alt=\"\" width=\"18\" height=\"15\" \/>V\u00f5rratu t\u00f5husus kastide meelitamisel teie jahipiirkonda.<\/strong> Meie kaste on spetsiaalselt koostatud, et vallandada kaste loomuliku uudishimu ja territoriaalinstinktid, mist\u00f5ttu on see k\u00f5ige t\u00f5husam lahendus jahimeestele, kes n\u00f5uavad usaldusv\u00e4\u00e4rseid tulemusi. Igale s\u00f6\u00f6tmele on lisatud ulatuslikel v\u00e4liuuringutel v\u00e4lja t\u00f6\u00f6tatud v\u00f5imas l\u00f5hnaprofiil, mis tagab, et loomad avastavad selle kiiresti ja reageerivad sellele j\u00e4rjepidevalt, isegi keerulistes keskkonnatingimustes, nagu tuul, niiskus v\u00f5i k\u00fclm ilm.<\/p>\n<p><strong><img decoding=\"async\" style=\"margin-right: 12px;\" src=\"https:\/\/www.huntattract.com\/wp-content\/uploads\/2026\/02\/Check.svg\" alt=\"\" width=\"18\" height=\"15\" \/>Madalaim hind turul, ilma et oleks tehtud kompromisse kvaliteedi osas.<\/strong> Oleme uhked, et pakume odavaimat k\u00e4ttesaadavat kastori meelitusvahendit, mis v\u00f5imaldab teil varuda 500 suure j\u00f5udlusega s\u00f6\u00f6dat, ilma et teie jahinduseelarve oleks \u00fcle j\u00f5u k\u00e4inud. Optimeerides oma tootmis- ja turustamisprotsesse, anname kokkuhoiu otse teile edasi, s\u00e4ilitades samal ajal k\u00f5rgekvaliteedilised koostisosad ja ranged kvaliteedikontrollistandardid.<\/p>\n<p><strong><img decoding=\"async\" style=\"margin-right: 12px;\" src=\"https:\/\/www.huntattract.com\/wp-content\/uploads\/2026\/02\/Check.svg\" alt=\"\" width=\"18\" height=\"15\" \/>Raha tagasi garantii t\u00e4ieliku meelerahu tagamiseks.<\/strong> Me seisame oma toote taga t\u00e4ieliku rahulolu lubadusega. Kui te ei ole t\u00e4ielikult rahul meie kastoorse meelitusaine tulemuslikkusega, tagastame teile raha. Ei mingeid keerulisi protseduure, ei mingeid varjatud tingimusi - lihtsalt lihtne raha tagasi garantii, mis tagab, et saate osta t\u00e4ieliku usaldusega.<\/p>\n<p><strong><img decoding=\"async\" style=\"margin-right: 12px;\" src=\"https:\/\/www.huntattract.com\/wp-content\/uploads\/2026\/02\/Check.svg\" alt=\"\" width=\"18\" height=\"15\" \/>24-tunnine tarne, et te ei j\u00e4\u00e4ks kunagi jahipidamisv\u00f5imalusest ilma.<\/strong> Jahinduses on oluline ajastus ja me pakume alati 24-tunnist tarnet, et tagada teie 500 s\u00f6\u00f6da kiire kohaletoimetamine. Olenemata sellest, kas te valmistute kavandatud jahireisiks v\u00f5i vajate viimasel hetkel varusid, meie kiire tarne teenus hoiab teid alati valmis ja t\u00e4ielikult varustatud.<\/p>\n<p><strong><img decoding=\"async\" style=\"margin-right: 12px;\" src=\"https:\/\/www.huntattract.com\/wp-content\/uploads\/2026\/02\/Check.svg\" alt=\"\" width=\"18\" height=\"15\" \/>P\u00f5hjalik katvus 500 kasutusvalmis s\u00f6\u00f6daga.<\/strong> Iga pakend sisaldab 500 individuaalset s\u00f6\u00f6ta, mis tagab ulatusliku katvuse mitmes jahipiirkonnas, radadel, veekogudel ja p\u00fc\u00fcnispaikades. See suur kogus v\u00f5imaldab teil luua strateegilisi l\u00f5hnajoone, tugevdada aktiivseid asukohti ja kohandada oma seadistust vastavalt hooaja jooksul muutuvatele tingimustele.<\/p>\n<p><strong><img decoding=\"async\" style=\"margin-right: 12px;\" src=\"https:\/\/www.huntattract.com\/wp-content\/uploads\/2026\/02\/Check.svg\" alt=\"\" width=\"18\" height=\"15\" \/>Spetsiaalselt jahitegevuse jaoks loodud.<\/strong> Erinevalt \u00fcldistest l\u00f5hnatoodetest on see kastoorne ahvatlusaine v\u00e4lja t\u00f6\u00f6tatud \u00fcksnes jahipidamiseks. Selle koostis keskendub pikaajalisele levikule, loomulikule l\u00f5hna j\u00e4ljendamisele ja k\u00f5rgele vastupidavusele keskkonna lagunemisele, mis muudab selle ideaalseks nii professionaalsetele jahimeestele kui ka kirglikele entusiastidele.<\/p>\n<p><strong><img decoding=\"async\" style=\"margin-right: 12px;\" src=\"https:\/\/www.huntattract.com\/wp-content\/uploads\/2026\/02\/Check.svg\" alt=\"\" width=\"18\" height=\"15\" \/>Pikaajaline l\u00f5hna hajutamine pikemaajalise atraktiivsuse tagamiseks.<\/strong> Iga s\u00f6\u00f6t on valmistatud nii, et selle l\u00f5hn vabaneb aja jooksul j\u00e4rk-j\u00e4rgult, mis tagab, et teie jahiala j\u00e4\u00e4b pikemaks ajaks atraktiivseks. Selline p\u00fcsiv levik v\u00e4hendab vajadust sagedase korduva pealekandmise j\u00e4rele ja maksimeerib teie t\u00f5husust v\u00e4litingimustes.<\/p>\n<p><strong><img decoding=\"async\" style=\"margin-right: 12px;\" src=\"https:\/\/www.huntattract.com\/wp-content\/uploads\/2026\/02\/Check.svg\" alt=\"\" width=\"18\" height=\"15\" \/>Lihtne kasutada mitmes keskkonnas.<\/strong> Iga s\u00f6\u00f6da kompaktne ja praktiline disain v\u00f5imaldab seda h\u00f5lpsasti paigutada veeallikate, tammide, lod\u017eade, radade v\u00f5i p\u00fc\u00fcniste l\u00e4hedusse. Olenemata sellest, kas jahipidamine toimub soodes, j\u00f5e\u00e4\u00e4rsetes, metsastunud m\u00e4rgaladel v\u00f5i kaugetes tagamaa piirkondades, sobivad need s\u00f6\u00f6tmed teie seadistusse sujuvalt.<\/p>\n<p><strong><img decoding=\"async\" style=\"margin-right: 12px;\" src=\"https:\/\/www.huntattract.com\/wp-content\/uploads\/2026\/02\/Check.svg\" alt=\"\" width=\"18\" height=\"15\" \/>Professionaalse kvaliteediga valem, mida usaldavad kogenud jahimehed.<\/strong> Meie kastoorne ahvatlusaine on v\u00e4lja t\u00f6\u00f6tatud kogenud jahimeeste ja katsetajate panusega ning peegeldab tegelikke vajadusi. Selle l\u00f5hna koostis j\u00e4ljendab t\u00e4pselt looduslikke territoriaalm\u00e4rke, suurendades uurimise ja korduvate k\u00fclastuste t\u00f5en\u00e4osust.<\/p>\n<p><strong><img decoding=\"async\" style=\"margin-right: 12px;\" src=\"https:\/\/www.huntattract.com\/wp-content\/uploads\/2026\/02\/Check.svg\" alt=\"\" width=\"18\" height=\"15\" \/>Usaldusv\u00e4\u00e4rne t\u00f6\u00f6 k\u00f5igis ilmastikutingimustes.<\/strong> Varakevadest kuni hiliss\u00fcgiseni, vihma, tuule v\u00f5i temperatuuri k\u00f5ikumise korral s\u00e4ilitab meie ristikheina atraktiivsus oma t\u00f5hususe. Stabiilne koostis tagab, et keskkonnategurid ei lagunda l\u00f5hna kiiresti, andes teile p\u00fcsiva t\u00f5hususe kogu jahihooaja jooksul.<\/p>\n<h2><strong>Juhised<\/strong><\/h2>\n<ul>\n<li>Valige strateegilised asukohad aktiivsete kastooride elupaikade, n\u00e4iteks veekogude, tammide, toitumispaikade ja v\u00e4ljakujunenud radade l\u00e4heduses.<\/li>\n<li>Paigutage \u00fcks s\u00f6\u00f6t umbes iga 5-10 meetri tagant sageli kasutatavate radade \u00e4\u00e4rde, et luua pidev l\u00f5hnaj\u00e4lg, mis soodustab liikumist teie valitud jahi- v\u00f5i p\u00fc\u00fcnisrajooni suunas.<\/li>\n<li>Suuremate territooriumide v\u00f5i suure loomade aktiivsusega alade puhul suurendage tihedust, paigutades l\u00f5hnakontsentratsiooni suurendamiseks kaks kuni kolm s\u00f6\u00f6ta v\u00f5tmekoha kohta.<\/li>\n<li>Iga s\u00f6\u00f6t on kasutusvalmis ja ei vaja lahjendamist. \u00c4rge avage ega muutke s\u00f6\u00f6dakesta; see on loodud nii, et l\u00f5hn vabaneb aja jooksul j\u00e4rk-j\u00e4rgult.<\/li>\n<li>Soovitatav annustamine on \u00fcks s\u00f6\u00f6t sihtotstarbelise mikrotsooni kohta (n\u00e4iteks \u00fcks s\u00f6\u00f6t tammi sissep\u00e4\u00e4su l\u00e4hedal, \u00fcks s\u00f6\u00f6tmiskohtade l\u00e4hedal ja \u00fcks juurdep\u00e4\u00e4suteede \u00e4\u00e4res). Kohandage vastavalt jahipiirkonna suurusele ja t\u00e4heldatud aktiivsuse tasemele.<\/li>\n<li>K\u00fclma ilmaga asetage s\u00f6\u00f6t veidi maapinnast k\u00f5rgemale v\u00f5i looduslikele tugipunktidele, et parandada l\u00f5hna levikut. Niiskes keskkonnas v\u00e4ltige s\u00f6\u00f6da t\u00e4ielikku uputamist, et s\u00e4ilitada optimaalne vabastamisv\u00f5ime.<\/li>\n<li>Maksimaalse t\u00f5hususe saavutamiseks vahetage s\u00f6\u00f6dad iga 5-7 p\u00e4eva j\u00e4rel v\u00f5i varem, kui keskkonnatingimused, n\u00e4iteks tugev vihm, v\u00e4hendavad m\u00e4rkimisv\u00e4\u00e4rselt l\u00f5hna tugevust.<\/li>\n<li>Toote k\u00e4sitsemisel kandke alati kindaid, et v\u00e4ltida iniml\u00f5hna kandumist s\u00f6\u00f6tmele v\u00f5i \u00fcmbritsevale keskkonnale.<\/li>\n<li>S\u00e4ilitage kasutamata s\u00f6\u00f6ta jahedas ja kuivas kohas, eemal otsesest p\u00e4ikesevalgusest, et s\u00e4ilitada selle t\u00f5husus. Hoidke konteiner kasutuskordade vahel tihedalt suletud.<\/li>\n<li>Kasutage vastavalt kohalikele jahieeskirjadele ja metsloomade majandamise suunistele. Tagage, et paigutamisel j\u00e4rgitakse seaduslikke vahemaid, lubatud tsoone ja hooajalisi piiranguid.<\/li>\n<\/ul>","protected":false},"excerpt":{"rendered":"<p>Unmatched effectiveness in attracting castors to your hunting area. Our castor attractant has been specifically formulated to trigger the strongest natural curiosity and territorial instincts in castors, making it the most effective solution available for hunters who demand reliable results. Each bait is infused with a powerful scent profile developed through extensive field testing, ensuring [&hellip;]<\/p>\n","protected":false},"featured_media":22998,"comment_status":"open","ping_status":"closed","template":"","meta":{"_uag_custom_page_level_css":"","site-sidebar-layout":"default","site-content-layout":"","ast-site-content-layout":"default","site-content-style":"default","site-sidebar-style":"default","ast-global-header-display":"","ast-banner-title-visibility":"","ast-main-header-display":"","ast-hfb-above-header-display":"","ast-hfb-below-header-display":"","ast-hfb-mobile-header-display":"","site-post-title":"","ast-breadcrumbs-content":"","ast-featured-img":"","footer-sml-layout":"","ast-disable-related-posts":"","theme-transparent-header-meta":"default","adv-header-id-meta":"","stick-header-meta":"","header-above-stick-meta":"","header-main-stick-meta":"","header-below-stick-meta":"","astra-migrate-meta-layouts":"set","ast-page-background-enabled":"default","ast-page-background-meta":{"desktop":{"background-color":"var(--ast-global-color-4)","background-image":"","background-repeat":"repeat","background-position":"center center","background-size":"auto","background-attachment":"scroll","background-type":"","background-media":"","overlay-type":"","overlay-color":"","overlay-opacity":"","overlay-gradient":""},"tablet":{"background-color":"","background-image":"","background-repeat":"repeat","background-position":"center center","background-size":"auto","background-attachment":"scroll","background-type":"","background-media":"","overlay-type":"","overlay-color":"","overlay-opacity":"","overlay-gradient":""},"mobile":{"background-color":"","background-image":"","background-repeat":"repeat","background-position":"center center","background-size":"auto","background-attachment":"scroll","background-type":"","background-media":"","overlay-type":"","overlay-color":"","overlay-opacity":"","overlay-gradient":""}},"ast-content-background-meta":{"desktop":{"background-color":"var(--ast-global-color-5)","background-image":"","background-repeat":"repeat","background-position":"center center","background-size":"auto","background-attachment":"scroll","background-type":"","background-media":"","overlay-type":"","overlay-color":"","overlay-opacity":"","overlay-gradient":""},"tablet":{"background-color":"var(--ast-global-color-5)","background-image":"","background-repeat":"repeat","background-position":"center center","background-size":"auto","background-attachment":"scroll","background-type":"","background-media":"","overlay-type":"","overlay-color":"","overlay-opacity":"","overlay-gradient":""},"mobile":{"background-color":"var(--ast-global-color-5)","background-image":"","background-repeat":"repeat","background-position":"center center","background-size":"auto","background-attachment":"scroll","background-type":"","background-media":"","overlay-type":"","overlay-color":"","overlay-opacity":"","overlay-gradient":""}}},"product_brand":[],"product_cat":[15],"product_tag":[],"class_list":{"0":"post-22991","1":"product","2":"type-product","3":"status-publish","4":"has-post-thumbnail","6":"product_cat-shop","7":"desktop-align-left","8":"tablet-align-left","9":"mobile-align-left","11":"first","12":"instock","13":"taxable","14":"shipping-taxable","15":"purchasable","16":"product-type-simple"},"spectra_custom_meta":{"_visibility":["visible"],"_shopify_product_id":["8186593771768"],"_s2w_shopify_domain":["boarattract.myshopify.com"],"_shopify_variant_id":["44151441686776"],"_sku":["HACASTORBAITS"],"_regular_price":["29.90"],"_price":["29.90"],"_sale_price":[""],"_weight":["0.2"],"_thumbnail_id":["22998"],"_global_unique_id":["5056773800526"],"total_sales":["20"],"_tax_status":["taxable"],"_tax_class":[""],"_manage_stock":["no"],"_backorders":["no"],"_sold_individually":["no"],"_virtual":["no"],"_downloadable":["no"],"_download_limit":["-1"],"_download_expiry":["-1"],"_stock":[null],"_stock_status":["instock"],"_wc_average_rating":["4.92"],"_wc_review_count":["12"],"_product_version":["10.5.2"],"_wc_rating_count":["a:2:{i:4;i:1;i:5;i:11;}"],"_edit_lock":["1772290015:1"],"merchant-center-availability":["yes"],"merchant-center-category":["499824"],"merchant-center-id":["HACB"],"_edit_last":["1"],"_wp_page_template":["default"],"site-sidebar-layout":["default"],"ast-site-content-layout":["default"],"site-content-style":["default"],"site-sidebar-style":["default"],"theme-transparent-header-meta":["default"],"astra-migrate-meta-layouts":["set"],"_uag_css_file_name":["uag-css-22991.css"],"_elementor_page_assets":["a:0:{}"],"_uag_page_assets":["a:9:{s:3:\"css\";s:7133:\".uag-blocks-common-selector{z-index:var(--z-index-desktop) !important}@media(max-width: 976px){.uag-blocks-common-selector{z-index:var(--z-index-tablet) !important}}@media(max-width: 767px){.uag-blocks-common-selector{z-index:var(--z-index-mobile) !important}}.wp-block-uagb-image{display:flex}.wp-block-uagb-image__figure{position:relative;display:flex;flex-direction:column;max-width:100%;height:auto;margin:0}.wp-block-uagb-image__figure img{height:auto;display:flex;max-width:100%;transition:box-shadow .2s ease}.wp-block-uagb-image__figure>a{display:inline-block}.wp-block-uagb-image__figure figcaption{text-align:center;margin-top:.5em;margin-bottom:1em}.wp-block-uagb-image .components-placeholder.block-editor-media-placeholder .components-placeholder__instructions{align-self:center}.wp-block-uagb-image--align-left{text-align:left}.wp-block-uagb-image--align-right{text-align:right}.wp-block-uagb-image--align-center{text-align:center}.wp-block-uagb-image--align-full .wp-block-uagb-image__figure{margin-left:calc(50% - 50vw);margin-right:calc(50% - 50vw);max-width:100vw;width:100vw;height:auto}.wp-block-uagb-image--align-full .wp-block-uagb-image__figure img{height:auto;width:100% !important}.wp-block-uagb-image--align-wide .wp-block-uagb-image__figure img{height:auto;width:100%}.wp-block-uagb-image--layout-overlay__color-wrapper{position:absolute;left:0;top:0;right:0;bottom:0;opacity:.2;background:rgba(0,0,0,.5);transition:opacity .35s ease-in-out}.wp-block-uagb-image--layout-overlay-link{position:absolute;left:0;right:0;bottom:0;top:0}.wp-block-uagb-image--layout-overlay .wp-block-uagb-image__figure:hover .wp-block-uagb-image--layout-overlay__color-wrapper{opacity:1}.wp-block-uagb-image--layout-overlay__inner{position:absolute;left:15px;right:15px;bottom:15px;top:15px;display:flex;align-items:center;justify-content:center;flex-direction:column;border-color:#fff;transition:.35s ease-in-out}.wp-block-uagb-image--layout-overlay__inner.top-left,.wp-block-uagb-image--layout-overlay__inner.top-center,.wp-block-uagb-image--layout-overlay__inner.top-right{justify-content:flex-start}.wp-block-uagb-image--layout-overlay__inner.bottom-left,.wp-block-uagb-image--layout-overlay__inner.bottom-center,.wp-block-uagb-image--layout-overlay__inner.bottom-right{justify-content:flex-end}.wp-block-uagb-image--layout-overlay__inner.top-left,.wp-block-uagb-image--layout-overlay__inner.center-left,.wp-block-uagb-image--layout-overlay__inner.bottom-left{align-items:flex-start}.wp-block-uagb-image--layout-overlay__inner.top-right,.wp-block-uagb-image--layout-overlay__inner.center-right,.wp-block-uagb-image--layout-overlay__inner.bottom-right{align-items:flex-end}.wp-block-uagb-image--layout-overlay__inner .uagb-image-heading{color:#fff;transition:transform .35s,opacity .35s ease-in-out;transform:translate3d(0, 24px, 0);margin:0;line-height:1em}.wp-block-uagb-image--layout-overlay__inner .uagb-image-separator{width:30%;border-top-width:2px;border-top-color:#fff;border-top-style:solid;margin-bottom:10px;opacity:0;transition:transform .4s,opacity .4s ease-in-out;transform:translate3d(0, 30px, 0)}.wp-block-uagb-image--layout-overlay__inner .uagb-image-caption{opacity:0;overflow:visible;color:#fff;transition:transform .45s,opacity .45s ease-in-out;transform:translate3d(0, 35px, 0)}.wp-block-uagb-image--layout-overlay__inner:hover .uagb-image-heading,.wp-block-uagb-image--layout-overlay__inner:hover .uagb-image-separator,.wp-block-uagb-image--layout-overlay__inner:hover .uagb-image-caption{opacity:1;transform:translate3d(0, 0, 0)}.wp-block-uagb-image--effect-zoomin .wp-block-uagb-image__figure img,.wp-block-uagb-image--effect-zoomin .wp-block-uagb-image__figure .wp-block-uagb-image--layout-overlay__color-wrapper{transform:scale(1);transition:transform .35s ease-in-out}.wp-block-uagb-image--effect-zoomin .wp-block-uagb-image__figure:hover img,.wp-block-uagb-image--effect-zoomin .wp-block-uagb-image__figure:hover .wp-block-uagb-image--layout-overlay__color-wrapper{transform:scale(1.05)}.wp-block-uagb-image--effect-slide .wp-block-uagb-image__figure img,.wp-block-uagb-image--effect-slide .wp-block-uagb-image__figure .wp-block-uagb-image--layout-overlay__color-wrapper{width:calc(100% + 40px) !important;max-width:none !important;transform:translate3d(-40px, 0, 0);transition:transform .35s ease-in-out}.wp-block-uagb-image--effect-slide .wp-block-uagb-image__figure:hover img,.wp-block-uagb-image--effect-slide .wp-block-uagb-image__figure:hover .wp-block-uagb-image--layout-overlay__color-wrapper{transform:translate3d(0, 0, 0)}.wp-block-uagb-image--effect-grayscale img{filter:grayscale(0%);transition:.35s ease-in-out}.wp-block-uagb-image--effect-grayscale:hover img{filter:grayscale(100%)}.wp-block-uagb-image--effect-blur img{filter:blur(0);transition:.35s ease-in-out}.wp-block-uagb-image--effect-blur:hover img{filter:blur(3px)}.uagb-block-e6f939b3.wp-block-uagb-image--layout-default figure img{box-shadow: 0px 0px 0 #00000070;}.uagb-block-e6f939b3.wp-block-uagb-image .wp-block-uagb-image__figure figcaption{font-style: normal;align-self: center;}.uagb-block-e6f939b3.wp-block-uagb-image--layout-overlay figure img{box-shadow: 0px 0px 0 #00000070;}.uagb-block-e6f939b3.wp-block-uagb-image--layout-overlay .wp-block-uagb-image--layout-overlay__color-wrapper{opacity: 0.2;}.uagb-block-e6f939b3.wp-block-uagb-image--layout-overlay .wp-block-uagb-image--layout-overlay__inner{left: 15px;right: 15px;top: 15px;bottom: 15px;}.uagb-block-e6f939b3.wp-block-uagb-image--layout-overlay .wp-block-uagb-image--layout-overlay__inner .uagb-image-heading{font-style: normal;color: #fff;opacity: 1;}.uagb-block-e6f939b3.wp-block-uagb-image--layout-overlay .wp-block-uagb-image--layout-overlay__inner .uagb-image-heading a{color: #fff;}.uagb-block-e6f939b3.wp-block-uagb-image--layout-overlay .wp-block-uagb-image--layout-overlay__inner .uagb-image-caption{opacity: 0;}.uagb-block-e6f939b3.wp-block-uagb-image--layout-overlay .wp-block-uagb-image__figure:hover .wp-block-uagb-image--layout-overlay__color-wrapper{opacity: 1;}.uagb-block-e6f939b3.wp-block-uagb-image .wp-block-uagb-image--layout-overlay__inner .uagb-image-separator{width: 30%;border-top-width: 2px;border-top-color: #fff;opacity: 0;}.uagb-block-e6f939b3.wp-block-uagb-image .wp-block-uagb-image__figure img{width: px;height: auto;}.uagb-block-e6f939b3.wp-block-uagb-image .wp-block-uagb-image__figure:hover .wp-block-uagb-image--layout-overlay__inner .uagb-image-caption{opacity: 1;}.uagb-block-e6f939b3.wp-block-uagb-image .wp-block-uagb-image__figure:hover .wp-block-uagb-image--layout-overlay__inner .uagb-image-separator{opacity: 1;}.uagb-block-e6f939b3.wp-block-uagb-image--layout-default figure:hover img{box-shadow: 0px 0px 0 #00000070;}.uagb-block-e6f939b3.wp-block-uagb-image--layout-overlay figure:hover img{box-shadow: 0px 0px 0 #00000070;}@media only screen and (max-width: 976px) {.uagb-block-e6f939b3.wp-block-uagb-image .wp-block-uagb-image__figure img{width: px;height: auto;}}@media only screen and (max-width: 767px) {.uagb-block-e6f939b3.wp-block-uagb-image .wp-block-uagb-image__figure img{width: px;height: auto;}}\";s:2:\"js\";s:0:\"\";s:18:\"current_block_list\";a:13:{i:0;s:11:\"core\/search\";i:1;s:10:\"core\/group\";i:2;s:12:\"core\/heading\";i:3;s:17:\"core\/latest-posts\";i:4;s:20:\"core\/latest-comments\";i:5;s:13:\"core\/archives\";i:6;s:15:\"core\/categories\";i:7;s:14:\"core\/paragraph\";i:8;s:10:\"uagb\/image\";i:9;s:11:\"core\/spacer\";i:10;s:30:\"woocommerce\/product-categories\";i:11;s:10:\"core\/image\";i:12;s:14:\"core\/shortcode\";}s:8:\"uag_flag\";b:1;s:11:\"uag_version\";s:10:\"1777853738\";s:6:\"gfonts\";a:0:{}s:10:\"gfonts_url\";s:0:\"\";s:12:\"gfonts_files\";a:0:{}s:14:\"uag_faq_layout\";b:0;}"]},"uagb_featured_image_src":{"full":["https:\/\/www.huntattract.com\/wp-content\/uploads\/2025\/06\/CASTOR_HuntAttract_sur_1000.png",1000,1000,false],"thumbnail":["https:\/\/www.huntattract.com\/wp-content\/uploads\/2025\/06\/CASTOR_HuntAttract_sur_1000-150x150.png",150,150,true],"medium":["https:\/\/www.huntattract.com\/wp-content\/uploads\/2025\/06\/CASTOR_HuntAttract_sur_1000-300x300.png",300,300,true],"medium_large":["https:\/\/www.huntattract.com\/wp-content\/uploads\/2025\/06\/CASTOR_HuntAttract_sur_1000-768x768.png",768,768,true],"large":["https:\/\/www.huntattract.com\/wp-content\/uploads\/2025\/06\/CASTOR_HuntAttract_sur_1000.png",1000,1000,false],"1536x1536":["https:\/\/www.huntattract.com\/wp-content\/uploads\/2025\/06\/CASTOR_HuntAttract_sur_1000.png",1000,1000,false],"2048x2048":["https:\/\/www.huntattract.com\/wp-content\/uploads\/2025\/06\/CASTOR_HuntAttract_sur_1000.png",1000,1000,false],"trp-custom-language-flag":["https:\/\/www.huntattract.com\/wp-content\/uploads\/2025\/06\/CASTOR_HuntAttract_sur_1000-12x12.png",12,12,true],"woocommerce_thumbnail":["https:\/\/www.huntattract.com\/wp-content\/uploads\/2025\/06\/CASTOR_HuntAttract_sur_1000-300x300.png",300,300,true],"woocommerce_single":["https:\/\/www.huntattract.com\/wp-content\/uploads\/2025\/06\/CASTOR_HuntAttract_sur_1000-600x600.png",600,600,true],"woocommerce_gallery_thumbnail":["https:\/\/www.huntattract.com\/wp-content\/uploads\/2025\/06\/CASTOR_HuntAttract_sur_1000-100x100.png",100,100,true]},"uagb_author_info":{"display_name":"admin","author_link":"https:\/\/www.huntattract.com\/ee\/author\/"},"uagb_comment_info":12,"uagb_excerpt":"Unmatched effectiveness in attracting castors to your hunting area. Our castor attractant has been specifically formulated to trigger the strongest natural curiosity and territorial instincts in castors, making it the most effective solution available for hunters who demand reliable results. Each bait is infused with a powerful scent profile developed through extensive field testing, ensuring&hellip;","_links":{"self":[{"href":"https:\/\/www.huntattract.com\/ee\/wp-json\/wp\/v2\/product\/22991","targetHints":{"allow":["GET"]}}],"collection":[{"href":"https:\/\/www.huntattract.com\/ee\/wp-json\/wp\/v2\/product"}],"about":[{"href":"https:\/\/www.huntattract.com\/ee\/wp-json\/wp\/v2\/types\/product"}],"replies":[{"embeddable":true,"href":"https:\/\/www.huntattract.com\/ee\/wp-json\/wp\/v2\/comments?post=22991"}],"version-history":[{"count":8,"href":"https:\/\/www.huntattract.com\/ee\/wp-json\/wp\/v2\/product\/22991\/revisions"}],"predecessor-version":[{"id":24087,"href":"https:\/\/www.huntattract.com\/ee\/wp-json\/wp\/v2\/product\/22991\/revisions\/24087"}],"wp:featuredmedia":[{"embeddable":true,"href":"https:\/\/www.huntattract.com\/ee\/wp-json\/wp\/v2\/media\/22998"}],"wp:attachment":[{"href":"https:\/\/www.huntattract.com\/ee\/wp-json\/wp\/v2\/media?parent=22991"}],"wp:term":[{"taxonomy":"product_brand","embeddable":true,"href":"https:\/\/www.huntattract.com\/ee\/wp-json\/wp\/v2\/product_brand?post=22991"},{"taxonomy":"product_cat","embeddable":true,"href":"https:\/\/www.huntattract.com\/ee\/wp-json\/wp\/v2\/product_cat?post=22991"},{"taxonomy":"product_tag","embeddable":true,"href":"https:\/\/www.huntattract.com\/ee\/wp-json\/wp\/v2\/product_tag?post=22991"}],"curies":[{"name":"wp","href":"https:\/\/api.w.org\/{rel}","templated":true}]}}