{"id":22996,"date":"2025-06-11T16:48:37","date_gmt":"2025-06-11T14:48:37","guid":{"rendered":"https:\/\/www.huntattract.com\/products\/fox-attractant-500-baits\/"},"modified":"2026-02-28T15:41:35","modified_gmt":"2026-02-28T14:41:35","slug":"fox-attractant-500-baits","status":"publish","type":"product","link":"https:\/\/www.huntattract.com\/ch-de\/products\/fox-attractant-500-baits\/","title":{"rendered":"Jagdk\u00f6der f\u00fcr Fuchs (500er Pack)"},"content":{"rendered":"<p><strong><img decoding=\"async\" style=\"margin-right: 12px;\" src=\"https:\/\/www.huntattract.com\/wp-content\/uploads\/2026\/02\/Check.svg\" alt=\"\" width=\"18\" height=\"15\" \/>Au\u00dfergew\u00f6hnliche Wirksamkeit, um F\u00fcchse schnell und konsequent anzulocken.<\/strong> Unser Lockstoff f\u00fcr F\u00fcchse wurde speziell entwickelt, um den Jagd-, Territorial- und Neugierinstinkt von F\u00fcchsen zu stimulieren, was ihn zur effektivsten L\u00f6sung f\u00fcr ernsthafte J\u00e4ger macht. Die Duftkomposition, die in umfangreichen Feldversuchen in W\u00e4ldern, Ackerland, Hecken und auf offenem Land entwickelt wurde, ist so konzipiert, dass sie das Erkundungsverhalten ausl\u00f6st und zu wiederholten Besuchen anregt, selbst bei vorsichtigen und erfahrenen Tieren.<\/p>\n<p><strong><img decoding=\"async\" style=\"margin-right: 12px;\" src=\"https:\/\/www.huntattract.com\/wp-content\/uploads\/2026\/02\/Check.svg\" alt=\"\" width=\"18\" height=\"15\" \/>Das billigste Lockmittel f\u00fcr F\u00fcchse auf dem Markt, ohne Kompromisse bei der Qualit\u00e4t.<\/strong> Wir sind stolz darauf, den niedrigsten Preis zu bieten und gleichzeitig die Standards f\u00fcr erstklassige Formulierungen einzuhalten. Mit 500 gebrauchsfertigen K\u00f6dern in jeder Packung profitieren Sie von professioneller Leistung zu einem unschlagbaren Preis, so dass Sie gro\u00dfe Gebiete abdecken k\u00f6nnen, ohne Ihr Jagdbudget zu \u00fcberschreiten.<\/p>\n<p><strong><img decoding=\"async\" style=\"margin-right: 12px;\" src=\"https:\/\/www.huntattract.com\/wp-content\/uploads\/2026\/02\/Check.svg\" alt=\"\" width=\"18\" height=\"15\" \/>Geld-zur\u00fcck-Garantie f\u00fcr absolutes Vertrauen.<\/strong> Wir stehen voll und ganz hinter unserem Produkt. Wenn Sie mit der Leistung unseres Fuchslockstoffs nicht zufrieden sind, erstatten wir Ihnen das Geld zur\u00fcck. Unsere Geld-zur\u00fcck-Garantie sorgt daf\u00fcr, dass Sie das Produkt ohne finanzielles Risiko und in aller Seelenruhe testen k\u00f6nnen.<\/p>\n<p><strong><img decoding=\"async\" style=\"margin-right: 12px;\" src=\"https:\/\/www.huntattract.com\/wp-content\/uploads\/2026\/02\/Check.svg\" alt=\"\" width=\"18\" height=\"15\" \/>24-Stunden-Lieferung, damit Sie immer einsatzbereit sind.<\/strong> Die Bewegungsmuster von F\u00fcchsen k\u00f6nnen sich je nach Jahreszeit und Nahrungsangebot schnell \u00e4ndern. Deshalb bieten wir immer eine 24-Stunden-Lieferung an, damit Ihre 500 K\u00f6der rechtzeitig ankommen und Sie Ihre Jagdgebiete ohne Verz\u00f6gerung vorbereiten k\u00f6nnen.<\/p>\n<p><strong><img decoding=\"async\" style=\"margin-right: 12px;\" src=\"https:\/\/www.huntattract.com\/wp-content\/uploads\/2026\/02\/Check.svg\" alt=\"\" width=\"18\" height=\"15\" \/>Gro\u00dfe Reichweite mit 500 hochwirksamen K\u00f6dern.<\/strong> Jede Packung enth\u00e4lt 500 einzelne K\u00f6der, die es Ihnen erm\u00f6glichen, mehrere Lockpunkte in verschiedenen Revieren, H\u00f6hlenzug\u00e4ngen, Feldr\u00e4ndern und Wanderkorridoren einzurichten. Diese gro\u00dfz\u00fcgige Menge bietet Flexibilit\u00e4t und strategische Kontrolle w\u00e4hrend der gesamten Jagdsaison.<\/p>\n<p><strong><img decoding=\"async\" style=\"margin-right: 12px;\" src=\"https:\/\/www.huntattract.com\/wp-content\/uploads\/2026\/02\/Check.svg\" alt=\"\" width=\"18\" height=\"15\" \/>Speziell f\u00fcr die Bedingungen der Fuchsjagd entwickelt.<\/strong> Im Gegensatz zu allgemeinen Duftstoffen f\u00fcr Wildtiere wurde dieser Lockstoff ausschlie\u00dflich f\u00fcr das Verhalten von F\u00fcchsen entwickelt. Das Duftprofil spiegelt die nat\u00fcrlichen Beuteinformationen und Reviermarkierungen wider und ist daher besonders wirksam, um F\u00fcchse in Reichweite zu locken.<\/p>\n<p><strong><img decoding=\"async\" style=\"margin-right: 12px;\" src=\"https:\/\/www.huntattract.com\/wp-content\/uploads\/2026\/02\/Check.svg\" alt=\"\" width=\"18\" height=\"15\" \/>Langanhaltende Duftabgabe f\u00fcr anhaltende Anziehungskraft.<\/strong> Jeder K\u00f6der ist mit einer Formel mit kontrollierter Freisetzung ausgestattet, die den Duft \u00fcber mehrere Tage hinweg allm\u00e4hlich verteilt. Dies gew\u00e4hrleistet eine konsistente und stabile Anlockzone, ohne dass ein st\u00e4ndiges Nachlegen erforderlich ist.<\/p>\n<p><strong><img decoding=\"async\" style=\"margin-right: 12px;\" src=\"https:\/\/www.huntattract.com\/wp-content\/uploads\/2026\/02\/Check.svg\" alt=\"\" width=\"18\" height=\"15\" \/>Zuverl\u00e4ssige Leistung in unterschiedlichen Umgebungen.<\/strong> Ob in W\u00e4ldern, auf landwirtschaftlichen Fl\u00e4chen, offenen Ebenen oder in der N\u00e4he von landwirtschaftlichen Geb\u00e4uden, die Formel beh\u00e4lt ihre Wirksamkeit bei. Sie h\u00e4lt m\u00e4\u00dfigen Niederschl\u00e4gen, Wind und Temperaturschwankungen stand und gew\u00e4hrleistet zuverl\u00e4ssige Ergebnisse.<\/p>\n<p><strong><img decoding=\"async\" style=\"margin-right: 12px;\" src=\"https:\/\/www.huntattract.com\/wp-content\/uploads\/2026\/02\/Check.svg\" alt=\"\" width=\"18\" height=\"15\" \/>Einfache und diskrete Platzierung im Feld.<\/strong> Das kompakte K\u00f6derdesign erm\u00f6glicht eine einfache Aufstellung entlang von Wegen, in der N\u00e4he von H\u00f6hlen, neben Hecken oder an etablierten Kreuzungspunkten. Sein praktisches Format erm\u00f6glicht eine effiziente Aufstellung, ohne die nat\u00fcrliche Umgebung zu st\u00f6ren.<\/p>\n<p><strong><img decoding=\"async\" style=\"margin-right: 12px;\" src=\"https:\/\/www.huntattract.com\/wp-content\/uploads\/2026\/02\/Check.svg\" alt=\"\" width=\"18\" height=\"15\" \/>Professionelle Formel, entwickelt mit erfahrenen J\u00e4gern.<\/strong> Unser Lockstoff f\u00fcr F\u00fcchse profitiert von Praxistests und dem Feedback von Experten, um sicherzustellen, dass die Duftst\u00e4rke, die Verbreitungsrate und die Verhaltensreaktion mit praktischen Jagdstrategien \u00fcbereinstimmen, um optimale Ergebnisse zu erzielen.<\/p>\n<h2><strong>Anweisungen<\/strong><\/h2>\n<ul>\n<li>Identifizieren Sie aktive Fuchszonen wie F\u00e4hrten, H\u00f6hleneing\u00e4nge, Feldr\u00e4nder, Zaunlinien und bekannte Kreuzungspunkte.<\/li>\n<li>Legen Sie etwa alle 5 bis 12 Meter einen K\u00f6der entlang der Reiserouten aus, um einen einheitlichen Duftkorridor zu schaffen.<\/li>\n<li>Bei strategischen Jagdpositionen, z. B. in der N\u00e4he von Ansitzen oder St\u00e4nden, legen Sie zwei bis drei K\u00f6der im Zielgebiet aus, um die Geruchskonzentration zu erh\u00f6hen.<\/li>\n<li>Jeder K\u00f6der ist gebrauchsfertig und sollte nicht ge\u00f6ffnet oder ver\u00e4ndert werden. Das Geh\u00e4use ist so konzipiert, dass es eine allm\u00e4hliche Duftverbreitung reguliert.<\/li>\n<li>Die empfohlene Dosierung ist ein K\u00f6der pro spezifischem Aktivit\u00e4tspunkt, wobei die Dichte in stark frequentierten Bereichen oder gr\u00f6\u00dferen Territorien erh\u00f6ht werden kann.<\/li>\n<li>In feuchten Umgebungen sollten Sie den K\u00f6der leicht erh\u00f6ht oder auf einem stabilen Untergrund platzieren, um zu verhindern, dass \u00fcberm\u00e4\u00dfige Feuchtigkeit die Wirksamkeit des Geruchs beeintr\u00e4chtigt.<\/li>\n<li>Ersetzen Sie die K\u00f6der alle 5 bis 7 Tage, um eine optimale Leistung zu erzielen, oder fr\u00fcher, wenn starker Regen die Duftintensit\u00e4t erheblich schw\u00e4cht.<\/li>\n<li>Tragen Sie bei der Handhabung immer Handschuhe, um zu vermeiden, dass menschlicher Geruch auf den K\u00f6der oder die umliegenden Oberfl\u00e4chen \u00fcbertragen wird.<\/li>\n<li>Lagern Sie unbenutzte K\u00f6der in einem verschlossenen Beh\u00e4lter an einem k\u00fchlen, trockenen Ort und vor Sonnenlicht gesch\u00fctzt, um die Wirksamkeit zu erhalten.<\/li>\n<li>Verwenden Sie es nur in \u00dcbereinstimmung mit den \u00f6rtlichen Jagdgesetzen, saisonalen Vorschriften und den Anforderungen des Wildtiermanagements in Ihrer Region.<\/li>\n<\/ul>","protected":false},"excerpt":{"rendered":"<p>Exceptional effectiveness in attracting foxes quickly and consistently. Our fox attractant has been specifically formulated to stimulate the hunting, territorial, and curiosity instincts of foxes, making it the most effective solution available for serious hunters. Developed through extensive field trials in forests, farmlands, hedgerows, and open countryside, the scent composition is designed to trigger investigative [&hellip;]<\/p>\n","protected":false},"featured_media":23012,"comment_status":"open","ping_status":"closed","template":"","meta":{"_uag_custom_page_level_css":"","site-sidebar-layout":"default","site-content-layout":"","ast-site-content-layout":"default","site-content-style":"default","site-sidebar-style":"default","ast-global-header-display":"","ast-banner-title-visibility":"","ast-main-header-display":"","ast-hfb-above-header-display":"","ast-hfb-below-header-display":"","ast-hfb-mobile-header-display":"","site-post-title":"","ast-breadcrumbs-content":"","ast-featured-img":"","footer-sml-layout":"","ast-disable-related-posts":"","theme-transparent-header-meta":"default","adv-header-id-meta":"","stick-header-meta":"","header-above-stick-meta":"","header-main-stick-meta":"","header-below-stick-meta":"","astra-migrate-meta-layouts":"set","ast-page-background-enabled":"default","ast-page-background-meta":{"desktop":{"background-color":"var(--ast-global-color-4)","background-image":"","background-repeat":"repeat","background-position":"center center","background-size":"auto","background-attachment":"scroll","background-type":"","background-media":"","overlay-type":"","overlay-color":"","overlay-opacity":"","overlay-gradient":""},"tablet":{"background-color":"","background-image":"","background-repeat":"repeat","background-position":"center center","background-size":"auto","background-attachment":"scroll","background-type":"","background-media":"","overlay-type":"","overlay-color":"","overlay-opacity":"","overlay-gradient":""},"mobile":{"background-color":"","background-image":"","background-repeat":"repeat","background-position":"center center","background-size":"auto","background-attachment":"scroll","background-type":"","background-media":"","overlay-type":"","overlay-color":"","overlay-opacity":"","overlay-gradient":""}},"ast-content-background-meta":{"desktop":{"background-color":"var(--ast-global-color-5)","background-image":"","background-repeat":"repeat","background-position":"center center","background-size":"auto","background-attachment":"scroll","background-type":"","background-media":"","overlay-type":"","overlay-color":"","overlay-opacity":"","overlay-gradient":""},"tablet":{"background-color":"var(--ast-global-color-5)","background-image":"","background-repeat":"repeat","background-position":"center center","background-size":"auto","background-attachment":"scroll","background-type":"","background-media":"","overlay-type":"","overlay-color":"","overlay-opacity":"","overlay-gradient":""},"mobile":{"background-color":"var(--ast-global-color-5)","background-image":"","background-repeat":"repeat","background-position":"center center","background-size":"auto","background-attachment":"scroll","background-type":"","background-media":"","overlay-type":"","overlay-color":"","overlay-opacity":"","overlay-gradient":""}}},"product_brand":[],"product_cat":[15],"product_tag":[],"class_list":{"0":"post-22996","1":"product","2":"type-product","3":"status-publish","4":"has-post-thumbnail","6":"product_cat-shop","7":"desktop-align-left","8":"tablet-align-left","9":"mobile-align-left","11":"first","12":"instock","13":"taxable","14":"shipping-taxable","15":"purchasable","16":"product-type-simple"},"spectra_custom_meta":{"_visibility":["visible"],"_shopify_product_id":["8186593509624"],"_s2w_shopify_domain":["boarattract.myshopify.com"],"_shopify_variant_id":["44151441391864"],"_sku":["HAFOXBAITS"],"_regular_price":["29.90"],"_price":["29.90"],"_sale_price":[""],"_weight":["0.2"],"_thumbnail_id":["23012"],"_global_unique_id":["5056773800564"],"total_sales":["155"],"_tax_status":["taxable"],"_tax_class":[""],"_manage_stock":["no"],"_backorders":["no"],"_sold_individually":["no"],"_virtual":["no"],"_downloadable":["no"],"_download_limit":["-1"],"_download_expiry":["-1"],"_stock":[null],"_stock_status":["instock"],"_wc_average_rating":["4.98"],"_wc_review_count":["51"],"_product_version":["10.5.2"],"_wc_rating_count":["a:2:{i:4;i:1;i:5;i:50;}"],"_edit_lock":["1772289645:1"],"merchant-center-availability":["yes"],"merchant-center-category":["8011"],"merchant-center-id":["HAFB"],"_edit_last":["1"],"_wp_page_template":["default"],"site-sidebar-layout":["default"],"ast-site-content-layout":["default"],"site-content-style":["default"],"site-sidebar-style":["default"],"theme-transparent-header-meta":["default"],"astra-migrate-meta-layouts":["set"],"_uag_css_file_name":["uag-css-22996.css"],"_elementor_page_assets":["a:0:{}"],"_uag_page_assets":["a:9:{s:3:\"css\";s:7133:\".uag-blocks-common-selector{z-index:var(--z-index-desktop) !important}@media(max-width: 976px){.uag-blocks-common-selector{z-index:var(--z-index-tablet) !important}}@media(max-width: 767px){.uag-blocks-common-selector{z-index:var(--z-index-mobile) !important}}.wp-block-uagb-image{display:flex}.wp-block-uagb-image__figure{position:relative;display:flex;flex-direction:column;max-width:100%;height:auto;margin:0}.wp-block-uagb-image__figure img{height:auto;display:flex;max-width:100%;transition:box-shadow .2s ease}.wp-block-uagb-image__figure>a{display:inline-block}.wp-block-uagb-image__figure figcaption{text-align:center;margin-top:.5em;margin-bottom:1em}.wp-block-uagb-image .components-placeholder.block-editor-media-placeholder .components-placeholder__instructions{align-self:center}.wp-block-uagb-image--align-left{text-align:left}.wp-block-uagb-image--align-right{text-align:right}.wp-block-uagb-image--align-center{text-align:center}.wp-block-uagb-image--align-full .wp-block-uagb-image__figure{margin-left:calc(50% - 50vw);margin-right:calc(50% - 50vw);max-width:100vw;width:100vw;height:auto}.wp-block-uagb-image--align-full .wp-block-uagb-image__figure img{height:auto;width:100% !important}.wp-block-uagb-image--align-wide .wp-block-uagb-image__figure img{height:auto;width:100%}.wp-block-uagb-image--layout-overlay__color-wrapper{position:absolute;left:0;top:0;right:0;bottom:0;opacity:.2;background:rgba(0,0,0,.5);transition:opacity .35s ease-in-out}.wp-block-uagb-image--layout-overlay-link{position:absolute;left:0;right:0;bottom:0;top:0}.wp-block-uagb-image--layout-overlay .wp-block-uagb-image__figure:hover .wp-block-uagb-image--layout-overlay__color-wrapper{opacity:1}.wp-block-uagb-image--layout-overlay__inner{position:absolute;left:15px;right:15px;bottom:15px;top:15px;display:flex;align-items:center;justify-content:center;flex-direction:column;border-color:#fff;transition:.35s ease-in-out}.wp-block-uagb-image--layout-overlay__inner.top-left,.wp-block-uagb-image--layout-overlay__inner.top-center,.wp-block-uagb-image--layout-overlay__inner.top-right{justify-content:flex-start}.wp-block-uagb-image--layout-overlay__inner.bottom-left,.wp-block-uagb-image--layout-overlay__inner.bottom-center,.wp-block-uagb-image--layout-overlay__inner.bottom-right{justify-content:flex-end}.wp-block-uagb-image--layout-overlay__inner.top-left,.wp-block-uagb-image--layout-overlay__inner.center-left,.wp-block-uagb-image--layout-overlay__inner.bottom-left{align-items:flex-start}.wp-block-uagb-image--layout-overlay__inner.top-right,.wp-block-uagb-image--layout-overlay__inner.center-right,.wp-block-uagb-image--layout-overlay__inner.bottom-right{align-items:flex-end}.wp-block-uagb-image--layout-overlay__inner .uagb-image-heading{color:#fff;transition:transform .35s,opacity .35s ease-in-out;transform:translate3d(0, 24px, 0);margin:0;line-height:1em}.wp-block-uagb-image--layout-overlay__inner .uagb-image-separator{width:30%;border-top-width:2px;border-top-color:#fff;border-top-style:solid;margin-bottom:10px;opacity:0;transition:transform .4s,opacity .4s ease-in-out;transform:translate3d(0, 30px, 0)}.wp-block-uagb-image--layout-overlay__inner .uagb-image-caption{opacity:0;overflow:visible;color:#fff;transition:transform .45s,opacity .45s ease-in-out;transform:translate3d(0, 35px, 0)}.wp-block-uagb-image--layout-overlay__inner:hover .uagb-image-heading,.wp-block-uagb-image--layout-overlay__inner:hover .uagb-image-separator,.wp-block-uagb-image--layout-overlay__inner:hover .uagb-image-caption{opacity:1;transform:translate3d(0, 0, 0)}.wp-block-uagb-image--effect-zoomin .wp-block-uagb-image__figure img,.wp-block-uagb-image--effect-zoomin .wp-block-uagb-image__figure .wp-block-uagb-image--layout-overlay__color-wrapper{transform:scale(1);transition:transform .35s ease-in-out}.wp-block-uagb-image--effect-zoomin .wp-block-uagb-image__figure:hover img,.wp-block-uagb-image--effect-zoomin .wp-block-uagb-image__figure:hover .wp-block-uagb-image--layout-overlay__color-wrapper{transform:scale(1.05)}.wp-block-uagb-image--effect-slide .wp-block-uagb-image__figure img,.wp-block-uagb-image--effect-slide .wp-block-uagb-image__figure .wp-block-uagb-image--layout-overlay__color-wrapper{width:calc(100% + 40px) !important;max-width:none !important;transform:translate3d(-40px, 0, 0);transition:transform .35s ease-in-out}.wp-block-uagb-image--effect-slide .wp-block-uagb-image__figure:hover img,.wp-block-uagb-image--effect-slide .wp-block-uagb-image__figure:hover .wp-block-uagb-image--layout-overlay__color-wrapper{transform:translate3d(0, 0, 0)}.wp-block-uagb-image--effect-grayscale img{filter:grayscale(0%);transition:.35s ease-in-out}.wp-block-uagb-image--effect-grayscale:hover img{filter:grayscale(100%)}.wp-block-uagb-image--effect-blur img{filter:blur(0);transition:.35s ease-in-out}.wp-block-uagb-image--effect-blur:hover img{filter:blur(3px)}.uagb-block-e6f939b3.wp-block-uagb-image--layout-default figure img{box-shadow: 0px 0px 0 #00000070;}.uagb-block-e6f939b3.wp-block-uagb-image .wp-block-uagb-image__figure figcaption{font-style: normal;align-self: center;}.uagb-block-e6f939b3.wp-block-uagb-image--layout-overlay figure img{box-shadow: 0px 0px 0 #00000070;}.uagb-block-e6f939b3.wp-block-uagb-image--layout-overlay .wp-block-uagb-image--layout-overlay__color-wrapper{opacity: 0.2;}.uagb-block-e6f939b3.wp-block-uagb-image--layout-overlay .wp-block-uagb-image--layout-overlay__inner{left: 15px;right: 15px;top: 15px;bottom: 15px;}.uagb-block-e6f939b3.wp-block-uagb-image--layout-overlay .wp-block-uagb-image--layout-overlay__inner .uagb-image-heading{font-style: normal;color: #fff;opacity: 1;}.uagb-block-e6f939b3.wp-block-uagb-image--layout-overlay .wp-block-uagb-image--layout-overlay__inner .uagb-image-heading a{color: #fff;}.uagb-block-e6f939b3.wp-block-uagb-image--layout-overlay .wp-block-uagb-image--layout-overlay__inner .uagb-image-caption{opacity: 0;}.uagb-block-e6f939b3.wp-block-uagb-image--layout-overlay .wp-block-uagb-image__figure:hover .wp-block-uagb-image--layout-overlay__color-wrapper{opacity: 1;}.uagb-block-e6f939b3.wp-block-uagb-image .wp-block-uagb-image--layout-overlay__inner .uagb-image-separator{width: 30%;border-top-width: 2px;border-top-color: #fff;opacity: 0;}.uagb-block-e6f939b3.wp-block-uagb-image .wp-block-uagb-image__figure img{width: px;height: auto;}.uagb-block-e6f939b3.wp-block-uagb-image .wp-block-uagb-image__figure:hover .wp-block-uagb-image--layout-overlay__inner .uagb-image-caption{opacity: 1;}.uagb-block-e6f939b3.wp-block-uagb-image .wp-block-uagb-image__figure:hover .wp-block-uagb-image--layout-overlay__inner .uagb-image-separator{opacity: 1;}.uagb-block-e6f939b3.wp-block-uagb-image--layout-default figure:hover img{box-shadow: 0px 0px 0 #00000070;}.uagb-block-e6f939b3.wp-block-uagb-image--layout-overlay figure:hover img{box-shadow: 0px 0px 0 #00000070;}@media only screen and (max-width: 976px) {.uagb-block-e6f939b3.wp-block-uagb-image .wp-block-uagb-image__figure img{width: px;height: auto;}}@media only screen and (max-width: 767px) {.uagb-block-e6f939b3.wp-block-uagb-image .wp-block-uagb-image__figure img{width: px;height: auto;}}\";s:2:\"js\";s:0:\"\";s:18:\"current_block_list\";a:13:{i:0;s:11:\"core\/search\";i:1;s:10:\"core\/group\";i:2;s:12:\"core\/heading\";i:3;s:17:\"core\/latest-posts\";i:4;s:20:\"core\/latest-comments\";i:5;s:13:\"core\/archives\";i:6;s:15:\"core\/categories\";i:7;s:14:\"core\/paragraph\";i:8;s:10:\"uagb\/image\";i:9;s:11:\"core\/spacer\";i:10;s:30:\"woocommerce\/product-categories\";i:11;s:10:\"core\/image\";i:12;s:14:\"core\/shortcode\";}s:8:\"uag_flag\";b:1;s:11:\"uag_version\";s:10:\"1777838772\";s:6:\"gfonts\";a:0:{}s:10:\"gfonts_url\";s:0:\"\";s:12:\"gfonts_files\";a:0:{}s:14:\"uag_faq_layout\";b:0;}"]},"uagb_featured_image_src":{"full":["https:\/\/www.huntattract.com\/wp-content\/uploads\/2025\/06\/FOX_HuntAttract_sur_1000.png",1000,1000,false],"thumbnail":["https:\/\/www.huntattract.com\/wp-content\/uploads\/2025\/06\/FOX_HuntAttract_sur_1000-150x150.png",150,150,true],"medium":["https:\/\/www.huntattract.com\/wp-content\/uploads\/2025\/06\/FOX_HuntAttract_sur_1000-300x300.png",300,300,true],"medium_large":["https:\/\/www.huntattract.com\/wp-content\/uploads\/2025\/06\/FOX_HuntAttract_sur_1000-768x768.png",768,768,true],"large":["https:\/\/www.huntattract.com\/wp-content\/uploads\/2025\/06\/FOX_HuntAttract_sur_1000.png",1000,1000,false],"1536x1536":["https:\/\/www.huntattract.com\/wp-content\/uploads\/2025\/06\/FOX_HuntAttract_sur_1000.png",1000,1000,false],"2048x2048":["https:\/\/www.huntattract.com\/wp-content\/uploads\/2025\/06\/FOX_HuntAttract_sur_1000.png",1000,1000,false],"trp-custom-language-flag":["https:\/\/www.huntattract.com\/wp-content\/uploads\/2025\/06\/FOX_HuntAttract_sur_1000-12x12.png",12,12,true],"woocommerce_thumbnail":["https:\/\/www.huntattract.com\/wp-content\/uploads\/2025\/06\/FOX_HuntAttract_sur_1000-300x300.png",300,300,true],"woocommerce_single":["https:\/\/www.huntattract.com\/wp-content\/uploads\/2025\/06\/FOX_HuntAttract_sur_1000-600x600.png",600,600,true],"woocommerce_gallery_thumbnail":["https:\/\/www.huntattract.com\/wp-content\/uploads\/2025\/06\/FOX_HuntAttract_sur_1000-100x100.png",100,100,true]},"uagb_author_info":{"display_name":"admin","author_link":"https:\/\/www.huntattract.com\/ch-de\/author\/"},"uagb_comment_info":51,"uagb_excerpt":"Exceptional effectiveness in attracting foxes quickly and consistently. Our fox attractant has been specifically formulated to stimulate the hunting, territorial, and curiosity instincts of foxes, making it the most effective solution available for serious hunters. Developed through extensive field trials in forests, farmlands, hedgerows, and open countryside, the scent composition is designed to trigger investigative&hellip;","_links":{"self":[{"href":"https:\/\/www.huntattract.com\/ch-de\/wp-json\/wp\/v2\/product\/22996","targetHints":{"allow":["GET"]}}],"collection":[{"href":"https:\/\/www.huntattract.com\/ch-de\/wp-json\/wp\/v2\/product"}],"about":[{"href":"https:\/\/www.huntattract.com\/ch-de\/wp-json\/wp\/v2\/types\/product"}],"replies":[{"embeddable":true,"href":"https:\/\/www.huntattract.com\/ch-de\/wp-json\/wp\/v2\/comments?post=22996"}],"version-history":[{"count":5,"href":"https:\/\/www.huntattract.com\/ch-de\/wp-json\/wp\/v2\/product\/22996\/revisions"}],"predecessor-version":[{"id":24081,"href":"https:\/\/www.huntattract.com\/ch-de\/wp-json\/wp\/v2\/product\/22996\/revisions\/24081"}],"wp:featuredmedia":[{"embeddable":true,"href":"https:\/\/www.huntattract.com\/ch-de\/wp-json\/wp\/v2\/media\/23012"}],"wp:attachment":[{"href":"https:\/\/www.huntattract.com\/ch-de\/wp-json\/wp\/v2\/media?parent=22996"}],"wp:term":[{"taxonomy":"product_brand","embeddable":true,"href":"https:\/\/www.huntattract.com\/ch-de\/wp-json\/wp\/v2\/product_brand?post=22996"},{"taxonomy":"product_cat","embeddable":true,"href":"https:\/\/www.huntattract.com\/ch-de\/wp-json\/wp\/v2\/product_cat?post=22996"},{"taxonomy":"product_tag","embeddable":true,"href":"https:\/\/www.huntattract.com\/ch-de\/wp-json\/wp\/v2\/product_tag?post=22996"}],"curies":[{"name":"wp","href":"https:\/\/api.w.org\/{rel}","templated":true}]}}